{"id":71,"date":"2025-03-25T13:55:47","date_gmt":"2025-03-25T13:55:47","guid":{"rendered":"https:\/\/llebeig.pruebashadbos.com\/?page_id=71"},"modified":"2025-11-24T15:18:48","modified_gmt":"2025-11-24T14:18:48","slug":"uneix-te-al-club","status":"publish","type":"page","link":"https:\/\/llebeigxabia.org\/ca\/uneix-te-al-club\/","title":{"rendered":"Uneix-te al Club"},"content":{"rendered":"<div data-elementor-type=\"wp-page\" data-elementor-id=\"71\" class=\"elementor elementor-71\" data-elementor-post-type=\"page\">\n\t\t\t\t<div class=\"elementor-element elementor-element-b5c2a3e e-flex e-con-boxed e-con e-parent\" data-id=\"b5c2a3e\" data-element_type=\"container\" data-e-type=\"container\" data-settings=\"{&quot;background_background&quot;:&quot;gradient&quot;}\">\n\t\t\t\t\t<div class=\"e-con-inner\">\n\t\t<div class=\"elementor-element elementor-element-99752d7 e-con-full e-flex e-con e-child\" data-id=\"99752d7\" data-element_type=\"container\" data-e-type=\"container\">\n\t\t<div class=\"elementor-element elementor-element-e7e9b06 e-con-full e-flex e-con e-child\" data-id=\"e7e9b06\" data-element_type=\"container\" data-e-type=\"container\">\n\t\t<div class=\"elementor-element elementor-element-3347a55 e-con-full e-flex e-con e-child\" data-id=\"3347a55\" data-element_type=\"container\" data-e-type=\"container\">\n\t\t\t\t<div class=\"elementor-element elementor-element-73a1cc9 elementor-invisible elementor-widget elementor-widget-heading\" data-id=\"73a1cc9\" data-element_type=\"widget\" data-e-type=\"widget\" data-settings=\"{&quot;_animation&quot;:&quot;fadeInUp&quot;}\" data-widget_type=\"heading.default\">\n\t\t\t\t<div class=\"elementor-widget-container\">\n\t\t\t\t\t<h1 class=\"elementor-heading-title elementor-size-default\">Uneix-te al Club<\/h1>\t\t\t\t<\/div>\n\t\t\t\t<\/div>\n\t\t\t\t<div class=\"elementor-element elementor-element-a9269ae elementor-invisible elementor-widget elementor-widget-heading\" data-id=\"a9269ae\" data-element_type=\"widget\" data-e-type=\"widget\" data-settings=\"{&quot;_animation&quot;:&quot;fadeInDown&quot;}\" data-widget_type=\"heading.default\">\n\t\t\t\t<div class=\"elementor-widget-container\">\n\t\t\t\t\t<h4 class=\"elementor-heading-title elementor-size-default\">Emplena el formulari d'inscripci\u00f3 i forma part del C.E. Llebeig X\u00e0bia<\/h4>\t\t\t\t<\/div>\n\t\t\t\t<\/div>\n\t\t\t\t<div class=\"elementor-element elementor-element-10bca97 elementor-align-center elementor-widget elementor-widget-button\" data-id=\"10bca97\" data-element_type=\"widget\" data-e-type=\"widget\" data-widget_type=\"button.default\">\n\t\t\t\t<div class=\"elementor-widget-container\">\n\t\t\t\t\t\t\t\t\t<div class=\"elementor-button-wrapper\">\n\t\t\t\t\t<a class=\"elementor-button elementor-button-link elementor-size-sm\" href=\"https:\/\/app.cluber.es\/clubes\/686d0370cb6cf287468025\/portal\" target=\"_blank\">\n\t\t\t\t\t\t<span class=\"elementor-button-content-wrapper\">\n\t\t\t\t\t\t<span class=\"elementor-button-icon\">\n\t\t\t\t<svg aria-hidden=\"true\" class=\"e-font-icon-svg e-fab-wpforms\" viewbox=\"0 0 448 512\" xmlns=\"http:\/\/www.w3.org\/2000\/svg\"><path d=\"M448 75.2v361.7c0 24.3-19 43.2-43.2 43.2H43.2C19.3 480 0 461.4 0 436.8V75.2C0 51.1 18.8 32 43.2 32h361.7c24 0 43.1 18.8 43.1 43.2zm-37.3 361.6V75.2c0-3-2.6-5.8-5.8-5.8h-9.3L285.3 144 224 94.1 162.8 144 52.5 69.3h-9.3c-3.2 0-5.8 2.8-5.8 5.8v361.7c0 3 2.6 5.8 5.8 5.8h361.7c3.2.1 5.8-2.7 5.8-5.8zM150.2 186v37H76.7v-37h73.5zm0 74.4v37.3H76.7v-37.3h73.5zm11.1-147.3l54-43.7H96.8l64.5 43.7zm210 72.9v37h-196v-37h196zm0 74.4v37.3h-196v-37.3h196zm-84.6-147.3l64.5-43.7H232.8l53.9 43.7zM371.3 335v37.3h-99.4V335h99.4z\"><\/path><\/svg>\t\t\t<\/span>\n\t\t\t\t\t\t\t\t\t<span class=\"elementor-button-text\">INSCRIU-TE<\/span>\n\t\t\t\t\t<\/span>\n\t\t\t\t\t<\/a>\n\t\t\t\t<\/div>\n\t\t\t\t\t\t\t\t<\/div>\n\t\t\t\t<\/div>\n\t\t\t\t<\/div>\n\t\t\t\t<\/div>\n\t\t\t\t<\/div>\n\t\t\t\t\t<\/div>\n\t\t\t\t<\/div>\n\t\t<div class=\"elementor-element elementor-element-7304e92 e-flex e-con-boxed e-con e-parent\" data-id=\"7304e92\" data-element_type=\"container\" data-e-type=\"container\" data-settings=\"{&quot;background_background&quot;:&quot;classic&quot;}\">\n\t\t\t\t\t<div class=\"e-con-inner\">\n\t\t<div class=\"elementor-element elementor-element-435214a e-con-full e-flex elementor-invisible e-con e-child\" data-id=\"435214a\" data-element_type=\"container\" data-e-type=\"container\" data-settings=\"{&quot;animation&quot;:&quot;fadeInLeft&quot;}\">\n\t\t\t\t<div class=\"elementor-element elementor-element-c743a9a elementor-widget elementor-widget-heading\" data-id=\"c743a9a\" data-element_type=\"widget\" data-e-type=\"widget\" data-widget_type=\"heading.default\">\n\t\t\t\t<div class=\"elementor-widget-container\">\n\t\t\t\t\t<h2 class=\"elementor-heading-title elementor-size-default\">UNEIX-TE ARA AL CLUB ESPORTIU LLEBEIG X\u00c0BIA!<\/h2>\t\t\t\t<\/div>\n\t\t\t\t<\/div>\n\t\t\t\t<div class=\"elementor-element elementor-element-c342341 elementor-widget elementor-widget-text-editor\" data-id=\"c342341\" data-element_type=\"widget\" data-e-type=\"widget\" data-widget_type=\"text-editor.default\">\n\t\t\t\t<div class=\"elementor-widget-container\">\n\t\t\t\t\t\t\t\t\t<p class=\"\" data-start=\"264\" data-end=\"338\">Posa't les sabatilles i forma part de la nostra gran fam\u00edlia de l'atletisme!<\/p><p class=\"\" data-start=\"340\" data-end=\"475\">Si t'apassiona c\u00f3rrer, compartir entrenaments, millorar el teu rendiment o simplement mantindre't en forma en bona companyia, aquest \u00e9s el teu club.<\/p><h4 class=\"\" data-start=\"477\" data-end=\"506\"><img decoding=\"async\" class=\"emoji\" role=\"img\" draggable=\"false\" src=\"https:\/\/s.w.org\/images\/core\/emoji\/16.0.1\/svg\/2705.svg\" alt=\"\u2705\" \/> <strong data-start=\"484\" data-end=\"506\">Com inscriure't?<\/strong><\/h4><ol data-start=\"507\" data-end=\"706\"><li class=\"\" data-start=\"507\" data-end=\"580\"><p class=\"\" data-start=\"510\" data-end=\"580\">Obri l'app prement el bot\u00f3 de baix.<\/p><\/li><li class=\"\" data-start=\"581\" data-end=\"629\"><p class=\"\" data-start=\"584\" data-end=\"629\">Indica el teu n\u00famero de tel\u00e8fon.<\/p><\/li><li class=\"\" data-start=\"630\" data-end=\"706\"><p class=\"\" data-start=\"633\" data-end=\"706\">Emplena els camps (prem a -Crear un esportista nou-) o si est\u00e0s inscrivint a un menor simplement emplena el formulari com a tutor.<\/p><\/li><\/ol>\t\t\t\t\t\t\t\t<\/div>\n\t\t\t\t<\/div>\n\t\t\t\t<div class=\"elementor-element elementor-element-e42ce97 elementor-align-justify elementor-invisible elementor-widget elementor-widget-button\" data-id=\"e42ce97\" data-element_type=\"widget\" data-e-type=\"widget\" data-settings=\"{&quot;_animation&quot;:&quot;zoomIn&quot;}\" data-widget_type=\"button.default\">\n\t\t\t\t<div class=\"elementor-widget-container\">\n\t\t\t\t\t\t\t\t\t<div class=\"elementor-button-wrapper\">\n\t\t\t\t\t<a class=\"elementor-button elementor-button-link elementor-size-sm\" href=\"https:\/\/app.cluber.es\/clubes\/686d0370cb6cf287468025\/portal\" target=\"_blank\">\n\t\t\t\t\t\t<span class=\"elementor-button-content-wrapper\">\n\t\t\t\t\t\t<span class=\"elementor-button-icon\">\n\t\t\t\t<svg aria-hidden=\"true\" class=\"e-font-icon-svg e-fab-wpforms\" viewbox=\"0 0 448 512\" xmlns=\"http:\/\/www.w3.org\/2000\/svg\"><path d=\"M448 75.2v361.7c0 24.3-19 43.2-43.2 43.2H43.2C19.3 480 0 461.4 0 436.8V75.2C0 51.1 18.8 32 43.2 32h361.7c24 0 43.1 18.8 43.1 43.2zm-37.3 361.6V75.2c0-3-2.6-5.8-5.8-5.8h-9.3L285.3 144 224 94.1 162.8 144 52.5 69.3h-9.3c-3.2 0-5.8 2.8-5.8 5.8v361.7c0 3 2.6 5.8 5.8 5.8h361.7c3.2.1 5.8-2.7 5.8-5.8zM150.2 186v37H76.7v-37h73.5zm0 74.4v37.3H76.7v-37.3h73.5zm11.1-147.3l54-43.7H96.8l64.5 43.7zm210 72.9v37h-196v-37h196zm0 74.4v37.3h-196v-37.3h196zm-84.6-147.3l64.5-43.7H232.8l53.9 43.7zM371.3 335v37.3h-99.4V335h99.4z\"><\/path><\/svg>\t\t\t<\/span>\n\t\t\t\t\t\t\t\t\t<span class=\"elementor-button-text\">INSCRIU-TE ARA!<\/span>\n\t\t\t\t\t<\/span>\n\t\t\t\t\t<\/a>\n\t\t\t\t<\/div>\n\t\t\t\t\t\t\t\t<\/div>\n\t\t\t\t<\/div>\n\t\t\t\t<\/div>\n\t\t<div class=\"elementor-element elementor-element-9b80a05 e-con-full e-flex elementor-invisible e-con e-child\" data-id=\"9b80a05\" data-element_type=\"container\" data-e-type=\"container\" data-settings=\"{&quot;animation&quot;:&quot;fadeInRight&quot;}\">\n\t\t\t\t<div class=\"elementor-element elementor-element-32de3c9 elementor-widget elementor-widget-heading\" data-id=\"32de3c9\" data-element_type=\"widget\" data-e-type=\"widget\" data-widget_type=\"heading.default\">\n\t\t\t\t<div class=\"elementor-widget-container\">\n\t\t\t\t\t<h2 class=\"elementor-heading-title elementor-size-default\">Quotes 2026<\/h2>\t\t\t\t<\/div>\n\t\t\t\t<\/div>\n\t\t\t\t<div class=\"elementor-element elementor-element-572c93a elementor-widget elementor-widget-text-editor\" data-id=\"572c93a\" data-element_type=\"widget\" data-e-type=\"widget\" data-widget_type=\"text-editor.default\">\n\t\t\t\t<div class=\"elementor-widget-container\">\n\t\t\t\t\t\t\t\t\t<p class=\"\" data-start=\"739\" data-end=\"783\"><strong data-start=\"739\" data-end=\"767\">Pots triar la quota que millor s'adapte a tu:<\/strong><\/p><ul><li class=\"\" data-start=\"737\" data-end=\"783\"><p class=\"\" data-start=\"739\" data-end=\"783\"><strong data-start=\"739\" data-end=\"767\">Soci sense entrenaments<\/strong>: <strong>40\u20ac<\/strong> anual<br \/><em data-start=\"858\" data-end=\"908\">De gener a desembre de 2026<\/em><\/p><\/li><\/ul>\t\t\t\t\t\t\t\t<\/div>\n\t\t\t\t<\/div>\n\t\t\t\t<div class=\"elementor-element elementor-element-ce975db elementor-widget elementor-widget-text-editor\" data-id=\"ce975db\" data-element_type=\"widget\" data-e-type=\"widget\" data-widget_type=\"text-editor.default\">\n\t\t\t\t<div class=\"elementor-widget-container\">\n\t\t\t\t\t\t\t\t\t<ul><li data-start=\"786\" data-end=\"855\"><strong data-start=\"786\" data-end=\"822\">ENTRENAMENT ADULTS<\/strong>: (no inclou la quota anual)<br \/><em data-start=\"858\" data-end=\"908\">De gener a desembre de 2026<\/em><\/li><li>2 dies de c\u00f3rrer \u2192 <strong>50\u20ac\/any<\/strong><\/li><li>2 dies de for\u00e7a \u2192 <strong>50\u20ac\/any<\/strong><\/li><li>Complet (2 dies c\u00f3rrer 2 dies for\u00e7a) \u2192 <strong>90\u20ac\/any<\/strong><\/li><\/ul>\t\t\t\t\t\t\t\t<\/div>\n\t\t\t\t<\/div>\n\t\t\t\t<div class=\"elementor-element elementor-element-3031583 elementor-widget elementor-widget-text-editor\" data-id=\"3031583\" data-element_type=\"widget\" data-e-type=\"widget\" data-widget_type=\"text-editor.default\">\n\t\t\t\t<div class=\"elementor-widget-container\">\n\t\t\t\t\t\t\t\t\t<div><ul><li><strong>NATACI\u00d3:<\/strong><\/li><li>Nataci\u00f3: 1 dia \u2014 <strong>85\u20ac\/trimestre<\/strong><\/li><li>Nataci\u00f3: 2 dies for\u00e7a i bany lliure els divendres \u2014 <strong>135\u20ac\/trimenstre<\/strong><\/li><\/ul><\/div>\t\t\t\t\t\t\t\t<\/div>\n\t\t\t\t<\/div>\n\t\t\t\t<div class=\"elementor-element elementor-element-024ad1f elementor-widget elementor-widget-text-editor\" data-id=\"024ad1f\" data-element_type=\"widget\" data-e-type=\"widget\" data-widget_type=\"text-editor.default\">\n\t\t\t\t<div class=\"elementor-widget-container\">\n\t\t\t\t\t\t\t\t\t<h4 class=\"\" data-start=\"915\" data-end=\"965\"><strong data-start=\"926\" data-end=\"965\">Categories Juvenil S18 i J\u00fanior S20<\/strong><\/h4><p class=\"\" data-start=\"966\" data-end=\"1059\">Poden integrar-se en els entrenaments d'adults o en el grup de rendiment, segons nivell.<\/p>\t\t\t\t\t\t\t\t<\/div>\n\t\t\t\t<\/div>\n\t\t\t\t<\/div>\n\t\t\t\t\t<\/div>\n\t\t\t\t<\/div>\n\t\t<div class=\"elementor-element elementor-element-4814fc7 e-flex e-con-boxed e-con e-parent\" data-id=\"4814fc7\" data-element_type=\"container\" data-e-type=\"container\">\n\t\t\t\t\t<div class=\"e-con-inner\">\n\t\t<div class=\"elementor-element elementor-element-8b1b18f e-con-full e-flex e-con e-child\" data-id=\"8b1b18f\" data-element_type=\"container\" data-e-type=\"container\">\n\t\t\t\t<div class=\"elementor-element elementor-element-8973b1b elementor-widget elementor-widget-text-editor\" data-id=\"8973b1b\" data-element_type=\"widget\" data-e-type=\"widget\" data-widget_type=\"text-editor.default\">\n\t\t\t\t<div class=\"elementor-widget-container\">\n\t\t\t\t\t\t\t\t\t<h4 class=\"\" data-start=\"1066\" data-end=\"1105\"><strong data-start=\"1074\" data-end=\"1105\">Horaris d'entrenaments 2026<\/strong><\/h4><p data-start=\"72\" data-end=\"160\"><strong data-start=\"107\" data-end=\"118\">C\u00f3rrer<\/strong><br data-start=\"118\" data-end=\"121\" \/>\u2022 Dilluns 19:45 h<br data-start=\"136\" data-end=\"139\" \/>\u2022 Dimecres 19:30 h<\/p><p data-start=\"162\" data-end=\"289\"><strong data-start=\"162\" data-end=\"173\">For\u00e7a:<\/strong><br data-start=\"173\" data-end=\"176\" \/>\u2022 Dimarts 19:30 h<br data-start=\"192\" data-end=\"195\" \/>\u2022 Divendres 7:00 h i 17:00 h (sessions de for\u00e7a segons aforament)<br data-start=\"254\" data-end=\"257\" \/>\u2014 A l'estiu l'horari canviar\u00e0.<\/p><p data-start=\"291\" data-end=\"383\">\ud83d\udccbEls entrenaments estan pensats per a millorar en running, enfocats en la dist\u00e0ncia de 10K.<\/p><p data-start=\"291\" data-end=\"383\">\ud83d\udccc Sessions grupals amb ambient motivador i t\u00e8cnic especialitzat<\/p>\t\t\t\t\t\t\t\t<\/div>\n\t\t\t\t<\/div>\n\t\t\t\t<div class=\"elementor-element elementor-element-781f1a0 elementor-widget elementor-widget-text-editor\" data-id=\"781f1a0\" data-element_type=\"widget\" data-e-type=\"widget\" data-widget_type=\"text-editor.default\">\n\t\t\t\t<div class=\"elementor-widget-container\">\n\t\t\t\t\t\t\t\t\t<p>\ud83d\udce9 Si tens qualsevol dubte, escriu-nos a <a href=\"mailto:callebeig@gmail.com\"><strong data-start=\"1504\" data-end=\"1527\">callebeig@gmail.com<\/strong><\/a><br data-start=\"1527\" data-end=\"1530\" \/>Estarem encantats d'ajudar-te!<\/p>\t\t\t\t\t\t\t\t<\/div>\n\t\t\t\t<\/div>\n\t\t\t\t<\/div>\n\t\t<div class=\"elementor-element elementor-element-874a32a e-con-full e-flex e-con e-child\" data-id=\"874a32a\" data-element_type=\"container\" data-e-type=\"container\">\n\t\t\t\t<div class=\"elementor-element elementor-element-ff1e2f4 elementor-widget elementor-widget-image\" data-id=\"ff1e2f4\" data-element_type=\"widget\" data-e-type=\"widget\" data-widget_type=\"image.default\">\n\t\t\t\t<div class=\"elementor-widget-container\">\n\t\t\t\t\t\t\t\t\t\t\t\t\t\t\t<img fetchpriority=\"high\" decoding=\"async\" width=\"2438\" height=\"1643\" src=\"https:\/\/llebeigxabia.org\/wp-content\/uploads\/2025\/11\/tarifas-2026_val.jpg\" class=\"attachment-full size-full wp-image-712\" alt=\"\" srcset=\"https:\/\/llebeigxabia.org\/wp-content\/uploads\/2025\/11\/tarifas-2026_val.jpg 2438w, https:\/\/llebeigxabia.org\/wp-content\/uploads\/2025\/11\/tarifas-2026_val-300x201.jpg 300w, https:\/\/llebeigxabia.org\/wp-content\/uploads\/2025\/11\/tarifas-2026_val-1024x687.jpg 1024w, https:\/\/llebeigxabia.org\/wp-content\/uploads\/2025\/11\/tarifas-2026_val-768x515.jpg 768w, https:\/\/llebeigxabia.org\/wp-content\/uploads\/2025\/11\/tarifas-2026_val-1536x1031.jpg 1536w, https:\/\/llebeigxabia.org\/wp-content\/uploads\/2025\/11\/tarifas-2026_val-2048x1374.jpg 2048w, https:\/\/llebeigxabia.org\/wp-content\/uploads\/2025\/11\/tarifas-2026_val-18x12.jpg 18w\" sizes=\"(max-width: 2438px) 100vw, 2438px\" \/>\t\t\t\t\t\t\t\t\t\t\t\t\t\t\t<\/div>\n\t\t\t\t<\/div>\n\t\t\t\t<\/div>\n\t\t\t\t\t<\/div>\n\t\t\t\t<\/div>\n\t\t<div class=\"elementor-element elementor-element-55cc1e2 elementor-hidden-desktop elementor-hidden-tablet elementor-hidden-mobile e-flex e-con-boxed e-con e-parent\" data-id=\"55cc1e2\" data-element_type=\"container\" data-e-type=\"container\" id=\"inscripcion\">\n\t\t\t\t\t<div class=\"e-con-inner\">\n\t\t\t\t<div class=\"elementor-element elementor-element-0756b25 elementor-widget elementor-widget-html\" data-id=\"0756b25\" data-element_type=\"widget\" data-e-type=\"widget\" data-widget_type=\"html.default\">\n\t\t\t\t<div class=\"elementor-widget-container\">\n\t\t\t\t\t<iframe src=\"https:\/\/docs.google.com\/forms\/d\/e\/1FAIpQLScYAa9dY4JjMGyT2LDtPNbNlmNOh3OQ47s41iJ5mMmrQMMaEQ\/viewform?embedded=true\" width=\"640\" height=\"3194\" frameborder=\"0\" marginheight=\"0\" marginwidth=\"0\">Cargando\u2026 <\/iframe>\t\t\t\t<\/div>\n\t\t\t\t<\/div>\n\t\t\t\t\t<\/div>\n\t\t\t\t<\/div>\n\t\t\t\t<section class=\"elementor-section elementor-top-section elementor-element elementor-element-ad63569 elementor-section-boxed elementor-section-height-default elementor-section-height-default\" data-id=\"ad63569\" data-element_type=\"section\" data-e-type=\"section\" data-settings=\"{&quot;background_background&quot;:&quot;classic&quot;}\">\n\t\t\t\t\t\t\t<div class=\"elementor-background-overlay\"><\/div>\n\t\t\t\t\t\t\t<div class=\"elementor-container elementor-column-gap-default\">\n\t\t\t\t\t<div class=\"elementor-column elementor-col-100 elementor-top-column elementor-element elementor-element-9ad6270\" data-id=\"9ad6270\" data-element_type=\"column\" data-e-type=\"column\">\n\t\t\t<div class=\"elementor-widget-wrap elementor-element-populated\">\n\t\t\t\t\t\t<div class=\"elementor-element elementor-element-18a4d3c elementor-widget elementor-widget-heading\" data-id=\"18a4d3c\" data-element_type=\"widget\" data-e-type=\"widget\" data-widget_type=\"heading.default\">\n\t\t\t\t<div class=\"elementor-widget-container\">\n\t\t\t\t\t<div class=\"elementor-heading-title elementor-size-default\">Passi\u00f3 per l'atletisme, comprom\u00eds amb les persones.<\/div>\t\t\t\t<\/div>\n\t\t\t\t<\/div>\n\t\t\t\t<div class=\"elementor-element elementor-element-e93927a elementor-widget elementor-widget-text-editor\" data-id=\"e93927a\" data-element_type=\"widget\" data-e-type=\"widget\" data-widget_type=\"text-editor.default\">\n\t\t\t\t<div class=\"elementor-widget-container\">\n\t\t\t\t\t\t\t\t\t<p class=\"\" data-start=\"201\" data-end=\"600\">En el Club Esportiu Llebeig X\u00e0bia vivim l'atletisme com una forma de vida. M\u00e9s enll\u00e0 dels entrenaments i les competicions, ho entenem com una eina per a cr\u00e9ixer, compartir i superar l\u00edmits personals. Ens mou una passi\u00f3 profunda per aquest esport, per la seua capacitat de connectar generacions, de transmetre valors com l'esfor\u00e7, la const\u00e0ncia, el respecte i el treball en equip.<\/p><p class=\"\" data-start=\"602\" data-end=\"880\">Des dels m\u00e9s menuts en l'Escola d''Atletisme fins als adults que competeixen o simplement corren per plaer, tots compartim un mateix impuls: gaudir de l'atletisme en comunitat. Ac\u00ed, cada camallada compta, cada meta t\u00e9 sentit i cada persona aporta una cosa \u00fanica al club.<\/p>\t\t\t\t\t\t\t\t<\/div>\n\t\t\t\t<\/div>\n\t\t\t\t<div class=\"elementor-element elementor-element-50ed2b8 elementor-invisible elementor-widget elementor-widget-heading\" data-id=\"50ed2b8\" data-element_type=\"widget\" data-e-type=\"widget\" data-settings=\"{&quot;_animation&quot;:&quot;bounce&quot;}\" data-widget_type=\"heading.default\">\n\t\t\t\t<div class=\"elementor-widget-container\">\n\t\t\t\t\t<div class=\"elementor-heading-title elementor-size-default\">Som Llebeig, som passi\u00f3 per l'atletisme.<\/div>\t\t\t\t<\/div>\n\t\t\t\t<\/div>\n\t\t\t\t<div class=\"elementor-element elementor-element-e6a86df elementor-align-left elementor-widget elementor-widget-button\" data-id=\"e6a86df\" data-element_type=\"widget\" data-e-type=\"widget\" data-widget_type=\"button.default\">\n\t\t\t\t<div class=\"elementor-widget-container\">\n\t\t\t\t\t\t\t\t\t<div class=\"elementor-button-wrapper\">\n\t\t\t\t\t<a class=\"elementor-button elementor-button-link elementor-size-sm\" href=\"https:\/\/app.cluber.es\/clubes\/686d0370cb6cf287468025\/portal\" target=\"_blank\">\n\t\t\t\t\t\t<span class=\"elementor-button-content-wrapper\">\n\t\t\t\t\t\t<span class=\"elementor-button-icon\">\n\t\t\t\t<svg aria-hidden=\"true\" class=\"e-font-icon-svg e-fab-wpforms\" viewbox=\"0 0 448 512\" xmlns=\"http:\/\/www.w3.org\/2000\/svg\"><path d=\"M448 75.2v361.7c0 24.3-19 43.2-43.2 43.2H43.2C19.3 480 0 461.4 0 436.8V75.2C0 51.1 18.8 32 43.2 32h361.7c24 0 43.1 18.8 43.1 43.2zm-37.3 361.6V75.2c0-3-2.6-5.8-5.8-5.8h-9.3L285.3 144 224 94.1 162.8 144 52.5 69.3h-9.3c-3.2 0-5.8 2.8-5.8 5.8v361.7c0 3 2.6 5.8 5.8 5.8h361.7c3.2.1 5.8-2.7 5.8-5.8zM150.2 186v37H76.7v-37h73.5zm0 74.4v37.3H76.7v-37.3h73.5zm11.1-147.3l54-43.7H96.8l64.5 43.7zm210 72.9v37h-196v-37h196zm0 74.4v37.3h-196v-37.3h196zm-84.6-147.3l64.5-43.7H232.8l53.9 43.7zM371.3 335v37.3h-99.4V335h99.4z\"><\/path><\/svg>\t\t\t<\/span>\n\t\t\t\t\t\t\t\t\t<span class=\"elementor-button-text\">INSCRIU-TE AL C.E. LLEBEIG<\/span>\n\t\t\t\t\t<\/span>\n\t\t\t\t\t<\/a>\n\t\t\t\t<\/div>\n\t\t\t\t\t\t\t\t<\/div>\n\t\t\t\t<\/div>\n\t\t\t\t\t<\/div>\n\t\t<\/div>\n\t\t\t\t\t<\/div>\n\t\t<\/section>\n\t\t\t\t<\/div>","protected":false},"excerpt":{"rendered":"<p>Rellena el formulario de inscripci\u00f3n y forma parte del C.E. Llebeig X\u00e0bia INSCR\u00cdBETE AQU\u00cd \u00a1\u00daNETE AHORA AL CLUB ESPORTIU LLEBEIG X\u00c0BIA! \u00a1Ponte las zapatillas y forma parte de nuestra gran familia del atletismo! Si te apasiona correr, compartir entrenos, mejorar tu rendimiento o simplemente mantenerte en forma en buena compa\u00f1\u00eda, este es tu club. \u00bfC\u00f3mo [&hellip;]<\/p>","protected":false},"author":1,"featured_media":0,"parent":0,"menu_order":0,"comment_status":"closed","ping_status":"closed","template":"","meta":{"footnotes":""},"class_list":["post-71","page","type-page","status-publish","hentry"],"_links":{"self":[{"href":"https:\/\/llebeigxabia.org\/ca\/wp-json\/wp\/v2\/pages\/71","targetHints":{"allow":["GET"]}}],"collection":[{"href":"https:\/\/llebeigxabia.org\/ca\/wp-json\/wp\/v2\/pages"}],"about":[{"href":"https:\/\/llebeigxabia.org\/ca\/wp-json\/wp\/v2\/types\/page"}],"author":[{"embeddable":true,"href":"https:\/\/llebeigxabia.org\/ca\/wp-json\/wp\/v2\/users\/1"}],"replies":[{"embeddable":true,"href":"https:\/\/llebeigxabia.org\/ca\/wp-json\/wp\/v2\/comments?post=71"}],"version-history":[{"count":112,"href":"https:\/\/llebeigxabia.org\/ca\/wp-json\/wp\/v2\/pages\/71\/revisions"}],"predecessor-version":[{"id":720,"href":"https:\/\/llebeigxabia.org\/ca\/wp-json\/wp\/v2\/pages\/71\/revisions\/720"}],"wp:attachment":[{"href":"https:\/\/llebeigxabia.org\/ca\/wp-json\/wp\/v2\/media?parent=71"}],"curies":[{"name":"wp","href":"https:\/\/api.w.org\/{rel}","templated":true}]}}