{"id":730,"date":"2025-12-03T14:11:51","date_gmt":"2025-12-03T13:11:51","guid":{"rendered":"https:\/\/llebeigxabia.org\/?page_id=730"},"modified":"2025-12-03T15:19:40","modified_gmt":"2025-12-03T14:19:40","slug":"sant-silvestre-perrestre","status":"publish","type":"page","link":"https:\/\/llebeigxabia.org\/ca\/sant-silvestre-perrestre\/","title":{"rendered":"Sant Silvestre Perrestre"},"content":{"rendered":"<div data-elementor-type=\"wp-page\" data-elementor-id=\"730\" class=\"elementor elementor-730\" data-elementor-post-type=\"page\">\n\t\t\t\t<div class=\"elementor-element elementor-element-728f101 e-flex e-con-boxed e-con e-parent\" data-id=\"728f101\" data-element_type=\"container\" data-e-type=\"container\" data-settings=\"{&quot;background_background&quot;:&quot;gradient&quot;}\">\n\t\t\t\t\t<div class=\"e-con-inner\">\n\t\t<div class=\"elementor-element elementor-element-473085b e-con-full e-flex e-con e-child\" data-id=\"473085b\" data-element_type=\"container\" data-e-type=\"container\">\n\t\t<div class=\"elementor-element elementor-element-f4fba0d e-con-full e-flex e-con e-child\" data-id=\"f4fba0d\" data-element_type=\"container\" data-e-type=\"container\">\n\t\t<div class=\"elementor-element elementor-element-5a7c05c e-con-full e-flex e-con e-child\" data-id=\"5a7c05c\" data-element_type=\"container\" data-e-type=\"container\">\n\t\t\t\t<div class=\"elementor-element elementor-element-8cf4661 elementor-invisible elementor-widget elementor-widget-heading\" data-id=\"8cf4661\" data-element_type=\"widget\" data-e-type=\"widget\" data-settings=\"{&quot;_animation&quot;:&quot;fadeInUp&quot;}\" data-widget_type=\"heading.default\">\n\t\t\t\t<div class=\"elementor-widget-container\">\n\t\t\t\t\t<h1 class=\"elementor-heading-title elementor-size-default\">Sant Silvestre Perrestre<\/h1>\t\t\t\t<\/div>\n\t\t\t\t<\/div>\n\t\t\t\t<div class=\"elementor-element elementor-element-4993e54 elementor-invisible elementor-widget elementor-widget-heading\" data-id=\"4993e54\" data-element_type=\"widget\" data-e-type=\"widget\" data-settings=\"{&quot;_animation&quot;:&quot;fadeInDown&quot;}\" data-widget_type=\"heading.default\">\n\t\t\t\t<div class=\"elementor-widget-container\">\n\t\t\t\t\t<h4 class=\"elementor-heading-title elementor-size-default\">Sant Silvestre Perrestre X\u00e0bia<\/h4>\t\t\t\t<\/div>\n\t\t\t\t<\/div>\n\t\t\t\t<\/div>\n\t\t\t\t<\/div>\n\t\t\t\t<\/div>\n\t\t\t\t\t<\/div>\n\t\t\t\t<\/div>\n\t\t\t\t<section class=\"elementor-section elementor-top-section elementor-element elementor-element-b4a8b0e elementor-section-content-middle elementor-section-boxed elementor-section-height-default elementor-section-height-default\" data-id=\"b4a8b0e\" data-element_type=\"section\" data-e-type=\"section\" data-settings=\"{&quot;background_background&quot;:&quot;classic&quot;}\">\n\t\t\t\t\t\t<div class=\"elementor-container elementor-column-gap-default\">\n\t\t\t\t\t<div class=\"elementor-column elementor-col-50 elementor-top-column elementor-element elementor-element-0532c9d elementor-invisible\" data-id=\"0532c9d\" data-element_type=\"column\" data-e-type=\"column\" data-settings=\"{&quot;animation&quot;:&quot;fadeInLeft&quot;}\">\n\t\t\t<div class=\"elementor-widget-wrap elementor-element-populated\">\n\t\t\t\t\t\t<div class=\"elementor-element elementor-element-98583a5 elementor-widget elementor-widget-heading\" data-id=\"98583a5\" data-element_type=\"widget\" data-e-type=\"widget\" data-widget_type=\"heading.default\">\n\t\t\t\t<div class=\"elementor-widget-container\">\n\t\t\t\t\t<h2 class=\"elementor-heading-title elementor-size-default\">\ud83d\udc3e San Silvestre Perrestre: La cursa m\u00e9s divertida de l\u2019any<\/h2>\t\t\t\t<\/div>\n\t\t\t\t<\/div>\n\t\t\t\t<div class=\"elementor-element elementor-element-4598842 elementor-widget elementor-widget-text-editor\" data-id=\"4598842\" data-element_type=\"widget\" data-e-type=\"widget\" data-widget_type=\"text-editor.default\">\n\t\t\t\t<div class=\"elementor-widget-container\">\n\t\t\t\t\t\t\t\t\t<p data-start=\"169\" data-end=\"469\" class=\"translation-block\">La San Silvestre Perrestre \u00e9s l\u2019esdeveniment m\u00e9s entranyable i festiu del C.E. Llebeig: una cursa pensada per a gaudir en fam\u00edlia\u2026 i amb els teus companys peluts!\nCada edici\u00f3 reuneix corredors, mascotes i amants de l\u2019esport en un recorregut accessible, ple d\u2019humor, disfresses i esperit nadalenc.<\/p><p data-start=\"471\" data-end=\"683\">\u00c9s una cita solid\u00e0ria, pr\u00f2xima i plena de bones vibracions, perfecta per acomiadar l\u2019any corrent, rient i compartint moments \u00fanics. Si t\u2019agrada l\u2019esport i t\u2019encanten els animals, aquesta \u00e9s la teua cursa.<\/p>\t\t\t\t\t\t\t\t<\/div>\n\t\t\t\t<\/div>\n\t\t\t\t<div class=\"elementor-element elementor-element-14e67c7 elementor-tablet-align-center elementor-invisible elementor-widget elementor-widget-button\" data-id=\"14e67c7\" data-element_type=\"widget\" data-e-type=\"widget\" data-settings=\"{&quot;_animation&quot;:&quot;bounceIn&quot;,&quot;_animation_delay&quot;:350}\" data-widget_type=\"button.default\">\n\t\t\t\t<div class=\"elementor-widget-container\">\n\t\t\t\t\t\t\t\t\t<div class=\"elementor-button-wrapper\">\n\t\t\t\t\t<a class=\"elementor-button elementor-button-link elementor-size-lg\" href=\"https:\/\/www.somesport.com\/sant-silvestre-perrestre-xabia\/\" target=\"_blank\">\n\t\t\t\t\t\t<span class=\"elementor-button-content-wrapper\">\n\t\t\t\t\t\t\t\t\t<span class=\"elementor-button-text\">\u00a1Inscriu-te ac\u00ed!<\/span>\n\t\t\t\t\t<\/span>\n\t\t\t\t\t<\/a>\n\t\t\t\t<\/div>\n\t\t\t\t\t\t\t\t<\/div>\n\t\t\t\t<\/div>\n\t\t\t\t\t<\/div>\n\t\t<\/div>\n\t\t\t\t<div class=\"elementor-column elementor-col-50 elementor-top-column elementor-element elementor-element-51c5101 elementor-invisible\" data-id=\"51c5101\" data-element_type=\"column\" data-e-type=\"column\" data-settings=\"{&quot;animation&quot;:&quot;fadeInRight&quot;}\">\n\t\t\t<div class=\"elementor-widget-wrap elementor-element-populated\">\n\t\t\t\t\t\t<div class=\"elementor-element elementor-element-a2c90f8 elementor-widget elementor-widget-image\" data-id=\"a2c90f8\" data-element_type=\"widget\" data-e-type=\"widget\" data-widget_type=\"image.default\">\n\t\t\t\t<div class=\"elementor-widget-container\">\n\t\t\t\t\t\t\t\t\t\t\t\t\t\t\t\t<a href=\"https:\/\/www.somesport.com\/sant-silvestre-perrestre-xabia\/\" target=\"_blank\">\n\t\t\t\t\t\t\t<img fetchpriority=\"high\" decoding=\"async\" width=\"1600\" height=\"1131\" src=\"https:\/\/llebeigxabia.org\/wp-content\/uploads\/2025\/12\/PHOTO-2025-12-02-15-55-15.jpg\" class=\"attachment-full size-full wp-image-736\" alt=\"San Silvestre perrestre X\u00e0bia\" srcset=\"https:\/\/llebeigxabia.org\/wp-content\/uploads\/2025\/12\/PHOTO-2025-12-02-15-55-15.jpg 1600w, https:\/\/llebeigxabia.org\/wp-content\/uploads\/2025\/12\/PHOTO-2025-12-02-15-55-15-300x212.jpg 300w, https:\/\/llebeigxabia.org\/wp-content\/uploads\/2025\/12\/PHOTO-2025-12-02-15-55-15-1024x724.jpg 1024w, https:\/\/llebeigxabia.org\/wp-content\/uploads\/2025\/12\/PHOTO-2025-12-02-15-55-15-768x543.jpg 768w, https:\/\/llebeigxabia.org\/wp-content\/uploads\/2025\/12\/PHOTO-2025-12-02-15-55-15-1536x1086.jpg 1536w, https:\/\/llebeigxabia.org\/wp-content\/uploads\/2025\/12\/PHOTO-2025-12-02-15-55-15-18x12.jpg 18w\" sizes=\"(max-width: 1600px) 100vw, 1600px\" \/>\t\t\t\t\t\t\t\t<\/a>\n\t\t\t\t\t\t\t\t\t\t\t\t\t\t\t<\/div>\n\t\t\t\t<\/div>\n\t\t\t\t\t<\/div>\n\t\t<\/div>\n\t\t\t\t\t<\/div>\n\t\t<\/section>\n\t\t\t\t<section class=\"elementor-section elementor-top-section elementor-element elementor-element-9977d95 elementor-section-boxed elementor-section-height-default elementor-section-height-default\" data-id=\"9977d95\" data-element_type=\"section\" data-e-type=\"section\">\n\t\t\t\t\t\t<div class=\"elementor-container elementor-column-gap-default\">\n\t\t\t\t\t<div class=\"elementor-column elementor-col-100 elementor-top-column elementor-element elementor-element-3f17906\" data-id=\"3f17906\" data-element_type=\"column\" data-e-type=\"column\">\n\t\t\t<div class=\"elementor-widget-wrap elementor-element-populated\">\n\t\t\t\t\t\t<div class=\"elementor-element elementor-element-7713ff0 elementor-invisible elementor-widget elementor-widget-gallery\" data-id=\"7713ff0\" data-element_type=\"widget\" data-e-type=\"widget\" data-settings=\"{&quot;columns_tablet&quot;:3,&quot;columns_mobile&quot;:2,&quot;gap&quot;:{&quot;unit&quot;:&quot;px&quot;,&quot;size&quot;:28,&quot;sizes&quot;:[]},&quot;gap_tablet&quot;:{&quot;unit&quot;:&quot;px&quot;,&quot;size&quot;:21,&quot;sizes&quot;:[]},&quot;gap_mobile&quot;:{&quot;unit&quot;:&quot;px&quot;,&quot;size&quot;:14,&quot;sizes&quot;:[]},&quot;aspect_ratio&quot;:&quot;1:1&quot;,&quot;content_sequenced_animation&quot;:&quot;yes&quot;,&quot;_animation&quot;:&quot;fadeIn&quot;,&quot;_animation_delay&quot;:200,&quot;lazyload&quot;:&quot;yes&quot;,&quot;gallery_layout&quot;:&quot;grid&quot;,&quot;columns&quot;:4,&quot;link_to&quot;:&quot;file&quot;,&quot;content_hover_animation&quot;:&quot;fade-in&quot;}\" data-widget_type=\"gallery.default\">\n\t\t\t\t<div class=\"elementor-widget-container\">\n\t\t\t\t\t\t\t<div class=\"elementor-gallery__container\">\n\t\t\t\t\t\t\t<a class=\"e-gallery-item elementor-gallery-item elementor-animated-content\" href=\"https:\/\/llebeigxabia.org\/wp-content\/uploads\/2025\/12\/490587948_1241192720676551_2706991463291108335_n.jpg\" data-elementor-open-lightbox=\"yes\" data-elementor-lightbox-slideshow=\"7713ff0\" data-elementor-lightbox-title=\"490587948_1241192720676551_2706991463291108335_n\" data-e-action-hash=\"#elementor-action%3Aaction%3Dlightbox%26settings%3DeyJpZCI6NzQ5LCJ1cmwiOiJodHRwczpcL1wvbGxlYmVpZ3hhYmlhLm9yZ1wvd3AtY29udGVudFwvdXBsb2Fkc1wvMjAyNVwvMTJcLzQ5MDU4Nzk0OF8xMjQxMTkyNzIwNjc2NTUxXzI3MDY5OTE0NjMyOTExMDgzMzVfbi5qcGciLCJzbGlkZXNob3ciOiI3NzEzZmYwIn0%3D\">\n\t\t\t\t\t<div class=\"e-gallery-image elementor-gallery-item__image\" data-thumbnail=\"https:\/\/llebeigxabia.org\/wp-content\/uploads\/2025\/12\/490587948_1241192720676551_2706991463291108335_n.jpg\" data-width=\"2048\" data-height=\"1366\" aria-label=\"\" role=\"img\" ><\/div>\n\t\t\t\t\t\t\t\t\t\t\t\t\t\t<\/a>\n\t\t\t\t\t\t\t<a class=\"e-gallery-item elementor-gallery-item elementor-animated-content\" href=\"https:\/\/llebeigxabia.org\/wp-content\/uploads\/2025\/12\/490475602_1241190494010107_7728588809383563829_n.jpg\" data-elementor-open-lightbox=\"yes\" data-elementor-lightbox-slideshow=\"7713ff0\" data-elementor-lightbox-title=\"490475602_1241190494010107_7728588809383563829_n\" data-e-action-hash=\"#elementor-action%3Aaction%3Dlightbox%26settings%3DeyJpZCI6NzQ4LCJ1cmwiOiJodHRwczpcL1wvbGxlYmVpZ3hhYmlhLm9yZ1wvd3AtY29udGVudFwvdXBsb2Fkc1wvMjAyNVwvMTJcLzQ5MDQ3NTYwMl8xMjQxMTkwNDk0MDEwMTA3Xzc3Mjg1ODg4MDkzODM1NjM4Mjlfbi5qcGciLCJzbGlkZXNob3ciOiI3NzEzZmYwIn0%3D\">\n\t\t\t\t\t<div class=\"e-gallery-image elementor-gallery-item__image\" data-thumbnail=\"https:\/\/llebeigxabia.org\/wp-content\/uploads\/2025\/12\/490475602_1241190494010107_7728588809383563829_n.jpg\" data-width=\"2048\" data-height=\"1366\" aria-label=\"\" role=\"img\" ><\/div>\n\t\t\t\t\t\t\t\t\t\t\t\t\t\t<\/a>\n\t\t\t\t\t\t\t<a class=\"e-gallery-item elementor-gallery-item elementor-animated-content\" href=\"https:\/\/llebeigxabia.org\/wp-content\/uploads\/2025\/12\/490438301_1241198877342602_9146765455487300241_n.jpg\" data-elementor-open-lightbox=\"yes\" data-elementor-lightbox-slideshow=\"7713ff0\" data-elementor-lightbox-title=\"490438301_1241198877342602_9146765455487300241_n\" data-e-action-hash=\"#elementor-action%3Aaction%3Dlightbox%26settings%3DeyJpZCI6NzQ3LCJ1cmwiOiJodHRwczpcL1wvbGxlYmVpZ3hhYmlhLm9yZ1wvd3AtY29udGVudFwvdXBsb2Fkc1wvMjAyNVwvMTJcLzQ5MDQzODMwMV8xMjQxMTk4ODc3MzQyNjAyXzkxNDY3NjU0NTU0ODczMDAyNDFfbi5qcGciLCJzbGlkZXNob3ciOiI3NzEzZmYwIn0%3D\">\n\t\t\t\t\t<div class=\"e-gallery-image elementor-gallery-item__image\" data-thumbnail=\"https:\/\/llebeigxabia.org\/wp-content\/uploads\/2025\/12\/490438301_1241198877342602_9146765455487300241_n.jpg\" data-width=\"2048\" data-height=\"1366\" aria-label=\"\" role=\"img\" ><\/div>\n\t\t\t\t\t\t\t\t\t\t\t\t\t\t<\/a>\n\t\t\t\t\t\t\t<a class=\"e-gallery-item elementor-gallery-item elementor-animated-content\" href=\"https:\/\/llebeigxabia.org\/wp-content\/uploads\/2025\/12\/490342139_1241193557343134_5324683877148219562_n.jpg\" data-elementor-open-lightbox=\"yes\" data-elementor-lightbox-slideshow=\"7713ff0\" data-elementor-lightbox-title=\"490342139_1241193557343134_5324683877148219562_n\" data-e-action-hash=\"#elementor-action%3Aaction%3Dlightbox%26settings%3DeyJpZCI6NzQ2LCJ1cmwiOiJodHRwczpcL1wvbGxlYmVpZ3hhYmlhLm9yZ1wvd3AtY29udGVudFwvdXBsb2Fkc1wvMjAyNVwvMTJcLzQ5MDM0MjEzOV8xMjQxMTkzNTU3MzQzMTM0XzUzMjQ2ODM4NzcxNDgyMTk1NjJfbi5qcGciLCJzbGlkZXNob3ciOiI3NzEzZmYwIn0%3D\">\n\t\t\t\t\t<div class=\"e-gallery-image elementor-gallery-item__image\" data-thumbnail=\"https:\/\/llebeigxabia.org\/wp-content\/uploads\/2025\/12\/490342139_1241193557343134_5324683877148219562_n.jpg\" data-width=\"2048\" data-height=\"1619\" aria-label=\"\" role=\"img\" ><\/div>\n\t\t\t\t\t\t\t\t\t\t\t\t\t\t<\/a>\n\t\t\t\t\t\t\t<a class=\"e-gallery-item elementor-gallery-item elementor-animated-content\" href=\"https:\/\/llebeigxabia.org\/wp-content\/uploads\/2025\/12\/490328400_1241193670676456_8966671727793741708_n.jpg\" data-elementor-open-lightbox=\"yes\" data-elementor-lightbox-slideshow=\"7713ff0\" data-elementor-lightbox-title=\"490328400_1241193670676456_8966671727793741708_n\" data-e-action-hash=\"#elementor-action%3Aaction%3Dlightbox%26settings%3DeyJpZCI6NzQ1LCJ1cmwiOiJodHRwczpcL1wvbGxlYmVpZ3hhYmlhLm9yZ1wvd3AtY29udGVudFwvdXBsb2Fkc1wvMjAyNVwvMTJcLzQ5MDMyODQwMF8xMjQxMTkzNjcwNjc2NDU2Xzg5NjY2NzE3Mjc3OTM3NDE3MDhfbi5qcGciLCJzbGlkZXNob3ciOiI3NzEzZmYwIn0%3D\">\n\t\t\t\t\t<div class=\"e-gallery-image elementor-gallery-item__image\" data-thumbnail=\"https:\/\/llebeigxabia.org\/wp-content\/uploads\/2025\/12\/490328400_1241193670676456_8966671727793741708_n.jpg\" data-width=\"2048\" data-height=\"1366\" aria-label=\"\" role=\"img\" ><\/div>\n\t\t\t\t\t\t\t\t\t\t\t\t\t\t<\/a>\n\t\t\t\t\t\t\t<a class=\"e-gallery-item elementor-gallery-item elementor-animated-content\" href=\"https:\/\/llebeigxabia.org\/wp-content\/uploads\/2025\/12\/490294290_1241189264010230_8222504671922386812_n.jpg\" data-elementor-open-lightbox=\"yes\" data-elementor-lightbox-slideshow=\"7713ff0\" data-elementor-lightbox-title=\"490294290_1241189264010230_8222504671922386812_n\" data-e-action-hash=\"#elementor-action%3Aaction%3Dlightbox%26settings%3DeyJpZCI6NzQ0LCJ1cmwiOiJodHRwczpcL1wvbGxlYmVpZ3hhYmlhLm9yZ1wvd3AtY29udGVudFwvdXBsb2Fkc1wvMjAyNVwvMTJcLzQ5MDI5NDI5MF8xMjQxMTg5MjY0MDEwMjMwXzgyMjI1MDQ2NzE5MjIzODY4MTJfbi5qcGciLCJzbGlkZXNob3ciOiI3NzEzZmYwIn0%3D\">\n\t\t\t\t\t<div class=\"e-gallery-image elementor-gallery-item__image\" data-thumbnail=\"https:\/\/llebeigxabia.org\/wp-content\/uploads\/2025\/12\/490294290_1241189264010230_8222504671922386812_n.jpg\" data-width=\"2048\" data-height=\"1366\" aria-label=\"\" role=\"img\" ><\/div>\n\t\t\t\t\t\t\t\t\t\t\t\t\t\t<\/a>\n\t\t\t\t\t\t\t<a class=\"e-gallery-item elementor-gallery-item elementor-animated-content\" href=\"https:\/\/llebeigxabia.org\/wp-content\/uploads\/2025\/12\/490221413_1241201260675697_1620181718855972933_n.jpg\" data-elementor-open-lightbox=\"yes\" data-elementor-lightbox-slideshow=\"7713ff0\" data-elementor-lightbox-title=\"490221413_1241201260675697_1620181718855972933_n\" data-e-action-hash=\"#elementor-action%3Aaction%3Dlightbox%26settings%3DeyJpZCI6NzQzLCJ1cmwiOiJodHRwczpcL1wvbGxlYmVpZ3hhYmlhLm9yZ1wvd3AtY29udGVudFwvdXBsb2Fkc1wvMjAyNVwvMTJcLzQ5MDIyMTQxM18xMjQxMjAxMjYwNjc1Njk3XzE2MjAxODE3MTg4NTU5NzI5MzNfbi5qcGciLCJzbGlkZXNob3ciOiI3NzEzZmYwIn0%3D\">\n\t\t\t\t\t<div class=\"e-gallery-image elementor-gallery-item__image\" data-thumbnail=\"https:\/\/llebeigxabia.org\/wp-content\/uploads\/2025\/12\/490221413_1241201260675697_1620181718855972933_n.jpg\" data-width=\"2048\" data-height=\"1366\" aria-label=\"\" role=\"img\" ><\/div>\n\t\t\t\t\t\t\t\t\t\t\t\t\t\t<\/a>\n\t\t\t\t\t\t\t<a class=\"e-gallery-item elementor-gallery-item elementor-animated-content\" href=\"https:\/\/llebeigxabia.org\/wp-content\/uploads\/2025\/12\/490106524_1241201267342363_8675004458678353391_n.jpg\" data-elementor-open-lightbox=\"yes\" data-elementor-lightbox-slideshow=\"7713ff0\" data-elementor-lightbox-title=\"490106524_1241201267342363_8675004458678353391_n\" data-e-action-hash=\"#elementor-action%3Aaction%3Dlightbox%26settings%3DeyJpZCI6NzQyLCJ1cmwiOiJodHRwczpcL1wvbGxlYmVpZ3hhYmlhLm9yZ1wvd3AtY29udGVudFwvdXBsb2Fkc1wvMjAyNVwvMTJcLzQ5MDEwNjUyNF8xMjQxMjAxMjY3MzQyMzYzXzg2NzUwMDQ0NTg2NzgzNTMzOTFfbi5qcGciLCJzbGlkZXNob3ciOiI3NzEzZmYwIn0%3D\">\n\t\t\t\t\t<div class=\"e-gallery-image elementor-gallery-item__image\" data-thumbnail=\"https:\/\/llebeigxabia.org\/wp-content\/uploads\/2025\/12\/490106524_1241201267342363_8675004458678353391_n.jpg\" data-width=\"2048\" data-height=\"1366\" aria-label=\"\" role=\"img\" ><\/div>\n\t\t\t\t\t\t\t\t\t\t\t\t\t\t<\/a>\n\t\t\t\t\t\t\t<a class=\"e-gallery-item elementor-gallery-item elementor-animated-content\" href=\"https:\/\/llebeigxabia.org\/wp-content\/uploads\/2025\/12\/490082452_1241189430676880_4330534600554509155_n.jpg\" data-elementor-open-lightbox=\"yes\" data-elementor-lightbox-slideshow=\"7713ff0\" data-elementor-lightbox-title=\"490082452_1241189430676880_4330534600554509155_n\" data-e-action-hash=\"#elementor-action%3Aaction%3Dlightbox%26settings%3DeyJpZCI6NzQxLCJ1cmwiOiJodHRwczpcL1wvbGxlYmVpZ3hhYmlhLm9yZ1wvd3AtY29udGVudFwvdXBsb2Fkc1wvMjAyNVwvMTJcLzQ5MDA4MjQ1Ml8xMjQxMTg5NDMwNjc2ODgwXzQzMzA1MzQ2MDA1NTQ1MDkxNTVfbi5qcGciLCJzbGlkZXNob3ciOiI3NzEzZmYwIn0%3D\">\n\t\t\t\t\t<div class=\"e-gallery-image elementor-gallery-item__image\" data-thumbnail=\"https:\/\/llebeigxabia.org\/wp-content\/uploads\/2025\/12\/490082452_1241189430676880_4330534600554509155_n.jpg\" data-width=\"2048\" data-height=\"1366\" aria-label=\"\" role=\"img\" ><\/div>\n\t\t\t\t\t\t\t\t\t\t\t\t\t\t<\/a>\n\t\t\t\t\t\t\t<a class=\"e-gallery-item elementor-gallery-item elementor-animated-content\" href=\"https:\/\/llebeigxabia.org\/wp-content\/uploads\/2025\/12\/489872834_1241200817342408_250004384329931051_n.jpg\" data-elementor-open-lightbox=\"yes\" data-elementor-lightbox-slideshow=\"7713ff0\" data-elementor-lightbox-title=\"489872834_1241200817342408_250004384329931051_n\" data-e-action-hash=\"#elementor-action%3Aaction%3Dlightbox%26settings%3DeyJpZCI6NzU0LCJ1cmwiOiJodHRwczpcL1wvbGxlYmVpZ3hhYmlhLm9yZ1wvd3AtY29udGVudFwvdXBsb2Fkc1wvMjAyNVwvMTJcLzQ4OTg3MjgzNF8xMjQxMjAwODE3MzQyNDA4XzI1MDAwNDM4NDMyOTkzMTA1MV9uLmpwZyIsInNsaWRlc2hvdyI6Ijc3MTNmZjAifQ%3D%3D\">\n\t\t\t\t\t<div class=\"e-gallery-image elementor-gallery-item__image\" data-thumbnail=\"https:\/\/llebeigxabia.org\/wp-content\/uploads\/2025\/12\/489872834_1241200817342408_250004384329931051_n.jpg\" data-width=\"2048\" data-height=\"1366\" aria-label=\"\" role=\"img\" ><\/div>\n\t\t\t\t\t\t\t\t\t\t\t\t\t\t<\/a>\n\t\t\t\t\t\t\t<a class=\"e-gallery-item elementor-gallery-item elementor-animated-content\" href=\"https:\/\/llebeigxabia.org\/wp-content\/uploads\/2025\/12\/489922435_1241193684009788_1281645247482210246_n.jpg\" data-elementor-open-lightbox=\"yes\" data-elementor-lightbox-slideshow=\"7713ff0\" data-elementor-lightbox-title=\"489922435_1241193684009788_1281645247482210246_n\" data-e-action-hash=\"#elementor-action%3Aaction%3Dlightbox%26settings%3DeyJpZCI6NzU1LCJ1cmwiOiJodHRwczpcL1wvbGxlYmVpZ3hhYmlhLm9yZ1wvd3AtY29udGVudFwvdXBsb2Fkc1wvMjAyNVwvMTJcLzQ4OTkyMjQzNV8xMjQxMTkzNjg0MDA5Nzg4XzEyODE2NDUyNDc0ODIyMTAyNDZfbi5qcGciLCJzbGlkZXNob3ciOiI3NzEzZmYwIn0%3D\">\n\t\t\t\t\t<div class=\"e-gallery-image elementor-gallery-item__image\" data-thumbnail=\"https:\/\/llebeigxabia.org\/wp-content\/uploads\/2025\/12\/489922435_1241193684009788_1281645247482210246_n.jpg\" data-width=\"2048\" data-height=\"1366\" aria-label=\"\" role=\"img\" ><\/div>\n\t\t\t\t\t\t\t\t\t\t\t\t\t\t<\/a>\n\t\t\t\t\t\t\t<a class=\"e-gallery-item elementor-gallery-item elementor-animated-content\" href=\"https:\/\/llebeigxabia.org\/wp-content\/uploads\/2025\/12\/490227024_1241193694009787_3265987951042081655_n.jpg\" data-elementor-open-lightbox=\"yes\" data-elementor-lightbox-slideshow=\"7713ff0\" data-elementor-lightbox-title=\"490227024_1241193694009787_3265987951042081655_n\" data-e-action-hash=\"#elementor-action%3Aaction%3Dlightbox%26settings%3DeyJpZCI6NzU2LCJ1cmwiOiJodHRwczpcL1wvbGxlYmVpZ3hhYmlhLm9yZ1wvd3AtY29udGVudFwvdXBsb2Fkc1wvMjAyNVwvMTJcLzQ5MDIyNzAyNF8xMjQxMTkzNjk0MDA5Nzg3XzMyNjU5ODc5NTEwNDIwODE2NTVfbi5qcGciLCJzbGlkZXNob3ciOiI3NzEzZmYwIn0%3D\">\n\t\t\t\t\t<div class=\"e-gallery-image elementor-gallery-item__image\" data-thumbnail=\"https:\/\/llebeigxabia.org\/wp-content\/uploads\/2025\/12\/490227024_1241193694009787_3265987951042081655_n.jpg\" data-width=\"1366\" data-height=\"2048\" aria-label=\"\" role=\"img\" ><\/div>\n\t\t\t\t\t\t\t\t\t\t\t\t\t\t<\/a>\n\t\t\t\t\t<\/div>\n\t\t\t\t\t<\/div>\n\t\t\t\t<\/div>\n\t\t\t\t\t<\/div>\n\t\t<\/div>\n\t\t\t\t\t<\/div>\n\t\t<\/section>\n\t\t\t\t<\/div>","protected":false},"excerpt":{"rendered":"<p>Sant Silvestre Perrestre X\u00e0bia \ud83d\udc3e San Silvestre Perrestre: La carrera m\u00e1s divertida del a\u00f1o La San Silvestre Perrestre es el evento m\u00e1s entra\u00f1able y festivo del C.E. Llebeig: una carrera pensada para disfrutar en familia\u2026 \u00a1y con tus compa\u00f1eros peludos!Cada edici\u00f3n re\u00fane a corredores, mascotas y amantes del deporte en un recorrido accesible, lleno de [&hellip;]<\/p>","protected":false},"author":1,"featured_media":0,"parent":0,"menu_order":0,"comment_status":"closed","ping_status":"closed","template":"","meta":{"footnotes":""},"class_list":["post-730","page","type-page","status-publish","hentry"],"_links":{"self":[{"href":"https:\/\/llebeigxabia.org\/ca\/wp-json\/wp\/v2\/pages\/730","targetHints":{"allow":["GET"]}}],"collection":[{"href":"https:\/\/llebeigxabia.org\/ca\/wp-json\/wp\/v2\/pages"}],"about":[{"href":"https:\/\/llebeigxabia.org\/ca\/wp-json\/wp\/v2\/types\/page"}],"author":[{"embeddable":true,"href":"https:\/\/llebeigxabia.org\/ca\/wp-json\/wp\/v2\/users\/1"}],"replies":[{"embeddable":true,"href":"https:\/\/llebeigxabia.org\/ca\/wp-json\/wp\/v2\/comments?post=730"}],"version-history":[{"count":22,"href":"https:\/\/llebeigxabia.org\/ca\/wp-json\/wp\/v2\/pages\/730\/revisions"}],"predecessor-version":[{"id":769,"href":"https:\/\/llebeigxabia.org\/ca\/wp-json\/wp\/v2\/pages\/730\/revisions\/769"}],"wp:attachment":[{"href":"https:\/\/llebeigxabia.org\/ca\/wp-json\/wp\/v2\/media?parent=730"}],"curies":[{"name":"wp","href":"https:\/\/api.w.org\/{rel}","templated":true}]}}