{"id":77,"date":"2025-03-25T13:57:43","date_gmt":"2025-03-25T13:57:43","guid":{"rendered":"https:\/\/llebeig.pruebashadbos.com\/?page_id=77"},"modified":"2025-09-12T12:39:45","modified_gmt":"2025-09-12T10:39:45","slug":"cross-baix-montgo","status":"publish","type":"page","link":"https:\/\/llebeigxabia.org\/ca\/events\/cross-baix-montgo\/","title":{"rendered":"Cross BAIX MONTG\u00d3"},"content":{"rendered":"<div data-elementor-type=\"wp-page\" data-elementor-id=\"77\" class=\"elementor elementor-77\" data-elementor-post-type=\"page\">\n\t\t\t\t\t\t<section class=\"elementor-section elementor-top-section elementor-element elementor-element-2f6bfe4a elementor-section-boxed elementor-section-height-default elementor-section-height-default\" data-id=\"2f6bfe4a\" data-element_type=\"section\" data-e-type=\"section\" data-settings=\"{&quot;background_background&quot;:&quot;gradient&quot;}\">\n\t\t\t\t\t\t\t<div class=\"elementor-background-overlay\"><\/div>\n\t\t\t\t\t\t\t<div class=\"elementor-container elementor-column-gap-default\">\n\t\t\t\t\t<div class=\"elementor-column elementor-col-100 elementor-top-column elementor-element elementor-element-749d2032\" data-id=\"749d2032\" data-element_type=\"column\" data-e-type=\"column\">\n\t\t\t<div class=\"elementor-widget-wrap elementor-element-populated\">\n\t\t\t\t\t\t<section class=\"elementor-section elementor-inner-section elementor-element elementor-element-700a09c5 elementor-section-boxed elementor-section-height-default elementor-section-height-default\" data-id=\"700a09c5\" data-element_type=\"section\" data-e-type=\"section\">\n\t\t\t\t\t\t<div class=\"elementor-container elementor-column-gap-default\">\n\t\t\t\t\t<div class=\"elementor-column elementor-col-100 elementor-inner-column elementor-element elementor-element-7030df47\" data-id=\"7030df47\" data-element_type=\"column\" data-e-type=\"column\">\n\t\t\t<div class=\"elementor-widget-wrap elementor-element-populated\">\n\t\t\t\t\t\t<div class=\"elementor-element elementor-element-218391ab elementor-invisible elementor-widget elementor-widget-heading\" data-id=\"218391ab\" data-element_type=\"widget\" data-e-type=\"widget\" data-settings=\"{&quot;_animation&quot;:&quot;fadeInUp&quot;}\" data-widget_type=\"heading.default\">\n\t\t\t\t<div class=\"elementor-widget-container\">\n\t\t\t\t\t<h1 class=\"elementor-heading-title elementor-size-default\">Cross BAIX MONTG\u00d3<\/h1>\t\t\t\t<\/div>\n\t\t\t\t<\/div>\n\t\t\t\t<div class=\"elementor-element elementor-element-686b1026 elementor-invisible elementor-widget elementor-widget-heading\" data-id=\"686b1026\" data-element_type=\"widget\" data-e-type=\"widget\" data-settings=\"{&quot;_animation&quot;:&quot;fadeInDown&quot;}\" data-widget_type=\"heading.default\">\n\t\t\t\t<div class=\"elementor-widget-container\">\n\t\t\t\t\t<h4 class=\"elementor-heading-title elementor-size-default\">Cross popular\n<\/h4>\t\t\t\t<\/div>\n\t\t\t\t<\/div>\n\t\t\t\t\t<\/div>\n\t\t<\/div>\n\t\t\t\t\t<\/div>\n\t\t<\/section>\n\t\t\t\t\t<\/div>\n\t\t<\/div>\n\t\t\t\t\t<\/div>\n\t\t<\/section>\n\t\t\t\t<section class=\"elementor-section elementor-top-section elementor-element elementor-element-1585246e elementor-section-content-middle elementor-section-boxed elementor-section-height-default elementor-section-height-default\" data-id=\"1585246e\" data-element_type=\"section\" data-e-type=\"section\" data-settings=\"{&quot;background_background&quot;:&quot;classic&quot;}\">\n\t\t\t\t\t\t<div class=\"elementor-container elementor-column-gap-default\">\n\t\t\t\t\t<div class=\"elementor-column elementor-col-50 elementor-top-column elementor-element elementor-element-67bb8237 elementor-invisible\" data-id=\"67bb8237\" data-element_type=\"column\" data-e-type=\"column\" data-settings=\"{&quot;animation&quot;:&quot;fadeInLeft&quot;}\">\n\t\t\t<div class=\"elementor-widget-wrap elementor-element-populated\">\n\t\t\t\t\t\t<div class=\"elementor-element elementor-element-530ca1e2 elementor-widget elementor-widget-heading\" data-id=\"530ca1e2\" data-element_type=\"widget\" data-e-type=\"widget\" data-widget_type=\"heading.default\">\n\t\t\t\t<div class=\"elementor-widget-container\">\n\t\t\t\t\t<h2 class=\"elementor-heading-title elementor-size-default\">Cross Baix Montg\u00f3: Una carrera entre X\u00e0bia i Jes\u00fas Pobre amb \u00e0nima muntanyenca<\/h2>\t\t\t\t<\/div>\n\t\t\t\t<\/div>\n\t\t\t\t<div class=\"elementor-element elementor-element-6681379a elementor-widget elementor-widget-text-editor\" data-id=\"6681379a\" data-element_type=\"widget\" data-e-type=\"widget\" data-widget_type=\"text-editor.default\">\n\t\t\t\t<div class=\"elementor-widget-container\">\n\t\t\t\t\t\t\t\t\t<p class=\"\" data-start=\"276\" data-end=\"506\">El Club Esportiu Llebeig X\u00e0bia, en col\u00b7laboraci\u00f3 amb el Club d'Atletisme La Faixa de Jes\u00fas Pobre, organitza cada any el <strong data-start=\"399\" data-end=\"420\">Cross Baix Montg\u00f3<\/strong>, una de les proves m\u00e9s emblem\u00e0tiques i veteranes de la comarca de la <strong data-start=\"490\" data-end=\"505\">Marina Alta<\/strong>.<\/p><p class=\"\" data-start=\"508\" data-end=\"871\">Amb un recorregut que varia entre els <strong data-start=\"545\" data-end=\"568\">10,5 km i els 12 km<\/strong>, aquesta competici\u00f3 uneix dos pobles germans: <strong data-start=\"613\" data-end=\"675\">l'eixida es dona a X\u00e0bia i la meta se situa en Jes\u00fas Pobre<\/strong>. La carrera discorre per alguns dels paratges m\u00e9s espectaculars del Parc Natural del Montg\u00f3, combinant <strong data-start=\"785\" data-end=\"815\">asfalt, pistes i senderes<\/strong>, en un entorn que enamora a corredors i acompanyants.<\/p><p class=\"\" data-start=\"873\" data-end=\"1072\">Per a tots dos clubs, aquesta carrera \u00e9s molt m\u00e9s que una cita esportiva: \u00e9s una oportunitat per a <strong data-start=\"966\" data-end=\"1016\">enfortir la uni\u00f3 entre les nostres poblacions<\/strong> i posar en valor la bellesa del nostre entorn natural.<\/p><p class=\"\" data-start=\"1074\" data-end=\"1179\"><strong data-start=\"1077\" data-end=\"1179\">Segueix-nos en <a class=\"\" href=\"#\" rel=\"noopener\" data-start=\"1091\" data-end=\"1105\">Instagram<\/a> i <a class=\"\" href=\"#\" rel=\"noopener\" data-start=\"1108\" data-end=\"1121\">Facebook<\/a> per a no perdre't cap novetat del Cross Baix Montg\u00f3.<\/strong><\/p>\t\t\t\t\t\t\t\t<\/div>\n\t\t\t\t<\/div>\n\t\t\t\t\t<\/div>\n\t\t<\/div>\n\t\t\t\t<div class=\"elementor-column elementor-col-50 elementor-top-column elementor-element elementor-element-1919a4cd elementor-invisible\" data-id=\"1919a4cd\" data-element_type=\"column\" data-e-type=\"column\" data-settings=\"{&quot;animation&quot;:&quot;fadeInRight&quot;}\">\n\t\t\t<div class=\"elementor-widget-wrap elementor-element-populated\">\n\t\t\t\t\t\t<div class=\"elementor-element elementor-element-49b3e396 elementor-widget elementor-widget-image\" data-id=\"49b3e396\" data-element_type=\"widget\" data-e-type=\"widget\" data-widget_type=\"image.default\">\n\t\t\t\t<div class=\"elementor-widget-container\">\n\t\t\t\t\t\t\t\t\t\t\t\t\t\t\t<img fetchpriority=\"high\" decoding=\"async\" width=\"1864\" height=\"1863\" src=\"https:\/\/llebeigxabia.org\/wp-content\/uploads\/2025\/04\/01-cross-baix-montgo-xabia-logo-prueba.png\" class=\"attachment-full size-full wp-image-213\" alt=\"\" srcset=\"https:\/\/llebeigxabia.org\/wp-content\/uploads\/2025\/04\/01-cross-baix-montgo-xabia-logo-prueba.png 1864w, https:\/\/llebeigxabia.org\/wp-content\/uploads\/2025\/04\/01-cross-baix-montgo-xabia-logo-prueba-300x300.png 300w, https:\/\/llebeigxabia.org\/wp-content\/uploads\/2025\/04\/01-cross-baix-montgo-xabia-logo-prueba-1024x1024.png 1024w, https:\/\/llebeigxabia.org\/wp-content\/uploads\/2025\/04\/01-cross-baix-montgo-xabia-logo-prueba-150x150.png 150w, https:\/\/llebeigxabia.org\/wp-content\/uploads\/2025\/04\/01-cross-baix-montgo-xabia-logo-prueba-768x768.png 768w, https:\/\/llebeigxabia.org\/wp-content\/uploads\/2025\/04\/01-cross-baix-montgo-xabia-logo-prueba-1536x1536.png 1536w\" sizes=\"(max-width: 1864px) 100vw, 1864px\" \/>\t\t\t\t\t\t\t\t\t\t\t\t\t\t\t<\/div>\n\t\t\t\t<\/div>\n\t\t\t\t\t<\/div>\n\t\t<\/div>\n\t\t\t\t\t<\/div>\n\t\t<\/section>\n\t\t<div class=\"elementor-element elementor-element-fad5727 e-flex e-con-boxed e-con e-parent\" data-id=\"fad5727\" data-element_type=\"container\" data-e-type=\"container\">\n\t\t\t\t\t<div class=\"e-con-inner\">\n\t\t<div class=\"elementor-element elementor-element-5ef0fdf e-con-full e-flex e-con e-child\" data-id=\"5ef0fdf\" data-element_type=\"container\" data-e-type=\"container\">\n\t\t\t\t<div class=\"elementor-element elementor-element-240bf13 elementor-widget elementor-widget-image\" data-id=\"240bf13\" data-element_type=\"widget\" data-e-type=\"widget\" data-widget_type=\"image.default\">\n\t\t\t\t<div class=\"elementor-widget-container\">\n\t\t\t\t\t\t\t\t\t\t\t\t\t\t\t<img decoding=\"async\" width=\"1076\" height=\"1600\" src=\"https:\/\/llebeigxabia.org\/wp-content\/uploads\/2025\/09\/PHOTO-2025-09-12-10-01-05.jpg\" class=\"attachment-full size-full wp-image-649\" alt=\"Cross bait montage 2025\" srcset=\"https:\/\/llebeigxabia.org\/wp-content\/uploads\/2025\/09\/PHOTO-2025-09-12-10-01-05.jpg 1076w, https:\/\/llebeigxabia.org\/wp-content\/uploads\/2025\/09\/PHOTO-2025-09-12-10-01-05-202x300.jpg 202w, https:\/\/llebeigxabia.org\/wp-content\/uploads\/2025\/09\/PHOTO-2025-09-12-10-01-05-689x1024.jpg 689w, https:\/\/llebeigxabia.org\/wp-content\/uploads\/2025\/09\/PHOTO-2025-09-12-10-01-05-768x1142.jpg 768w, https:\/\/llebeigxabia.org\/wp-content\/uploads\/2025\/09\/PHOTO-2025-09-12-10-01-05-1033x1536.jpg 1033w, https:\/\/llebeigxabia.org\/wp-content\/uploads\/2025\/09\/PHOTO-2025-09-12-10-01-05-8x12.jpg 8w\" sizes=\"(max-width: 1076px) 100vw, 1076px\" \/>\t\t\t\t\t\t\t\t\t\t\t\t\t\t\t<\/div>\n\t\t\t\t<\/div>\n\t\t\t\t<\/div>\n\t\t<div class=\"elementor-element elementor-element-c3073f2 e-con-full e-flex e-con e-child\" data-id=\"c3073f2\" data-element_type=\"container\" data-e-type=\"container\">\n\t\t\t\t<\/div>\n\t\t\t\t\t<\/div>\n\t\t\t\t<\/div>\n\t\t\t\t<section class=\"elementor-section elementor-top-section elementor-element elementor-element-5b7c1f3a elementor-section-boxed elementor-section-height-default elementor-section-height-default\" data-id=\"5b7c1f3a\" data-element_type=\"section\" data-e-type=\"section\">\n\t\t\t\t\t\t<div class=\"elementor-container elementor-column-gap-default\">\n\t\t\t\t\t<div class=\"elementor-column elementor-col-100 elementor-top-column elementor-element elementor-element-4b1da22b\" data-id=\"4b1da22b\" data-element_type=\"column\" data-e-type=\"column\">\n\t\t\t<div class=\"elementor-widget-wrap elementor-element-populated\">\n\t\t\t\t\t\t<div class=\"elementor-element elementor-element-35780939 elementor-invisible elementor-widget elementor-widget-gallery\" data-id=\"35780939\" data-element_type=\"widget\" data-e-type=\"widget\" data-settings=\"{&quot;columns_tablet&quot;:3,&quot;columns_mobile&quot;:2,&quot;gap&quot;:{&quot;unit&quot;:&quot;px&quot;,&quot;size&quot;:28,&quot;sizes&quot;:[]},&quot;gap_tablet&quot;:{&quot;unit&quot;:&quot;px&quot;,&quot;size&quot;:21,&quot;sizes&quot;:[]},&quot;gap_mobile&quot;:{&quot;unit&quot;:&quot;px&quot;,&quot;size&quot;:14,&quot;sizes&quot;:[]},&quot;aspect_ratio&quot;:&quot;1:1&quot;,&quot;content_sequenced_animation&quot;:&quot;yes&quot;,&quot;_animation&quot;:&quot;fadeIn&quot;,&quot;_animation_delay&quot;:200,&quot;lazyload&quot;:&quot;yes&quot;,&quot;gallery_layout&quot;:&quot;grid&quot;,&quot;columns&quot;:4,&quot;link_to&quot;:&quot;file&quot;,&quot;content_hover_animation&quot;:&quot;fade-in&quot;}\" data-widget_type=\"gallery.default\">\n\t\t\t\t<div class=\"elementor-widget-container\">\n\t\t\t\t\t\t\t<div class=\"elementor-gallery__container\">\n\t\t\t\t\t\t\t<a class=\"e-gallery-item elementor-gallery-item elementor-animated-content\" href=\"https:\/\/llebeigxabia.org\/wp-content\/uploads\/2025\/04\/cross-baix-montgo-2023.jpg\" data-elementor-open-lightbox=\"yes\" data-elementor-lightbox-slideshow=\"35780939\" data-elementor-lightbox-title=\"cross-baix-montgo-2023\" data-e-action-hash=\"#elementor-action%3Aaction%3Dlightbox%26settings%3DeyJpZCI6MjQ2LCJ1cmwiOiJodHRwczpcL1wvbGxlYmVpZ3hhYmlhLm9yZ1wvd3AtY29udGVudFwvdXBsb2Fkc1wvMjAyNVwvMDRcL2Nyb3NzLWJhaXgtbW9udGdvLTIwMjMuanBnIiwic2xpZGVzaG93IjoiMzU3ODA5MzkifQ%3D%3D\">\n\t\t\t\t\t<div class=\"e-gallery-image elementor-gallery-item__image\" data-thumbnail=\"https:\/\/llebeigxabia.org\/wp-content\/uploads\/2025\/04\/cross-baix-montgo-2023.jpg\" data-width=\"1200\" data-height=\"800\" aria-label=\"\" role=\"img\" ><\/div>\n\t\t\t\t\t\t\t\t\t\t\t\t\t\t<\/a>\n\t\t\t\t\t\t\t<a class=\"e-gallery-item elementor-gallery-item elementor-animated-content\" href=\"https:\/\/llebeigxabia.org\/wp-content\/uploads\/2025\/04\/DSC_9598.jpg.webp\" data-elementor-open-lightbox=\"yes\" data-elementor-lightbox-slideshow=\"35780939\" data-elementor-lightbox-title=\"DSC_9598.jpg\" data-e-action-hash=\"#elementor-action%3Aaction%3Dlightbox%26settings%3DeyJpZCI6MjQ3LCJ1cmwiOiJodHRwczpcL1wvbGxlYmVpZ3hhYmlhLm9yZ1wvd3AtY29udGVudFwvdXBsb2Fkc1wvMjAyNVwvMDRcL0RTQ185NTk4LmpwZy53ZWJwIiwic2xpZGVzaG93IjoiMzU3ODA5MzkifQ%3D%3D\">\n\t\t\t\t\t<div class=\"e-gallery-image elementor-gallery-item__image\" data-thumbnail=\"https:\/\/llebeigxabia.org\/wp-content\/uploads\/2025\/04\/DSC_9598.jpg.webp\" data-width=\"1374\" data-height=\"916\" aria-label=\"\" role=\"img\" ><\/div>\n\t\t\t\t\t\t\t\t\t\t\t\t\t\t<\/a>\n\t\t\t\t\t\t\t<a class=\"e-gallery-item elementor-gallery-item elementor-animated-content\" href=\"https:\/\/llebeigxabia.org\/wp-content\/uploads\/2025\/04\/DSC_9606-1.jpg\" data-elementor-open-lightbox=\"yes\" data-elementor-lightbox-slideshow=\"35780939\" data-elementor-lightbox-title=\"DSC_9606\" data-e-action-hash=\"#elementor-action%3Aaction%3Dlightbox%26settings%3DeyJpZCI6MjQ4LCJ1cmwiOiJodHRwczpcL1wvbGxlYmVpZ3hhYmlhLm9yZ1wvd3AtY29udGVudFwvdXBsb2Fkc1wvMjAyNVwvMDRcL0RTQ185NjA2LTEuanBnIiwic2xpZGVzaG93IjoiMzU3ODA5MzkifQ%3D%3D\">\n\t\t\t\t\t<div class=\"e-gallery-image elementor-gallery-item__image\" data-thumbnail=\"https:\/\/llebeigxabia.org\/wp-content\/uploads\/2025\/04\/DSC_9606-1.jpg\" data-width=\"1374\" data-height=\"917\" aria-label=\"\" role=\"img\" ><\/div>\n\t\t\t\t\t\t\t\t\t\t\t\t\t\t<\/a>\n\t\t\t\t\t\t\t<a class=\"e-gallery-item elementor-gallery-item elementor-animated-content\" href=\"https:\/\/llebeigxabia.org\/wp-content\/uploads\/2025\/04\/FNL_8996.jpg\" data-elementor-open-lightbox=\"yes\" data-elementor-lightbox-slideshow=\"35780939\" data-elementor-lightbox-title=\"FNL_8996\" data-e-action-hash=\"#elementor-action%3Aaction%3Dlightbox%26settings%3DeyJpZCI6MjQ5LCJ1cmwiOiJodHRwczpcL1wvbGxlYmVpZ3hhYmlhLm9yZ1wvd3AtY29udGVudFwvdXBsb2Fkc1wvMjAyNVwvMDRcL0ZOTF84OTk2LmpwZyIsInNsaWRlc2hvdyI6IjM1NzgwOTM5In0%3D\">\n\t\t\t\t\t<div class=\"e-gallery-image elementor-gallery-item__image\" data-thumbnail=\"https:\/\/llebeigxabia.org\/wp-content\/uploads\/2025\/04\/FNL_8996.jpg\" data-width=\"1374\" data-height=\"916\" aria-label=\"\" role=\"img\" ><\/div>\n\t\t\t\t\t\t\t\t\t\t\t\t\t\t<\/a>\n\t\t\t\t\t\t\t<a class=\"e-gallery-item elementor-gallery-item elementor-animated-content\" href=\"https:\/\/llebeigxabia.org\/wp-content\/uploads\/2025\/04\/FNL_9021.jpg\" data-elementor-open-lightbox=\"yes\" data-elementor-lightbox-slideshow=\"35780939\" data-elementor-lightbox-title=\"FNL_9021\" data-e-action-hash=\"#elementor-action%3Aaction%3Dlightbox%26settings%3DeyJpZCI6MjUwLCJ1cmwiOiJodHRwczpcL1wvbGxlYmVpZ3hhYmlhLm9yZ1wvd3AtY29udGVudFwvdXBsb2Fkc1wvMjAyNVwvMDRcL0ZOTF85MDIxLmpwZyIsInNsaWRlc2hvdyI6IjM1NzgwOTM5In0%3D\">\n\t\t\t\t\t<div class=\"e-gallery-image elementor-gallery-item__image\" data-thumbnail=\"https:\/\/llebeigxabia.org\/wp-content\/uploads\/2025\/04\/FNL_9021.jpg\" data-width=\"1374\" data-height=\"916\" aria-label=\"\" role=\"img\" ><\/div>\n\t\t\t\t\t\t\t\t\t\t\t\t\t\t<\/a>\n\t\t\t\t\t\t\t<a class=\"e-gallery-item elementor-gallery-item elementor-animated-content\" href=\"https:\/\/llebeigxabia.org\/wp-content\/uploads\/2025\/04\/FNL_9030.jpg.webp\" data-elementor-open-lightbox=\"yes\" data-elementor-lightbox-slideshow=\"35780939\" data-elementor-lightbox-title=\"FNL_9030.jpg\" data-e-action-hash=\"#elementor-action%3Aaction%3Dlightbox%26settings%3DeyJpZCI6MjUxLCJ1cmwiOiJodHRwczpcL1wvbGxlYmVpZ3hhYmlhLm9yZ1wvd3AtY29udGVudFwvdXBsb2Fkc1wvMjAyNVwvMDRcL0ZOTF85MDMwLmpwZy53ZWJwIiwic2xpZGVzaG93IjoiMzU3ODA5MzkifQ%3D%3D\">\n\t\t\t\t\t<div class=\"e-gallery-image elementor-gallery-item__image\" data-thumbnail=\"https:\/\/llebeigxabia.org\/wp-content\/uploads\/2025\/04\/FNL_9030.jpg.webp\" data-width=\"1374\" data-height=\"916\" aria-label=\"\" role=\"img\" ><\/div>\n\t\t\t\t\t\t\t\t\t\t\t\t\t\t<\/a>\n\t\t\t\t\t\t\t<a class=\"e-gallery-item elementor-gallery-item elementor-animated-content\" href=\"https:\/\/llebeigxabia.org\/wp-content\/uploads\/2025\/04\/FNL_9047.jpg\" data-elementor-open-lightbox=\"yes\" data-elementor-lightbox-slideshow=\"35780939\" data-elementor-lightbox-title=\"FNL_9047\" data-e-action-hash=\"#elementor-action%3Aaction%3Dlightbox%26settings%3DeyJpZCI6MjUyLCJ1cmwiOiJodHRwczpcL1wvbGxlYmVpZ3hhYmlhLm9yZ1wvd3AtY29udGVudFwvdXBsb2Fkc1wvMjAyNVwvMDRcL0ZOTF85MDQ3LmpwZyIsInNsaWRlc2hvdyI6IjM1NzgwOTM5In0%3D\">\n\t\t\t\t\t<div class=\"e-gallery-image elementor-gallery-item__image\" data-thumbnail=\"https:\/\/llebeigxabia.org\/wp-content\/uploads\/2025\/04\/FNL_9047.jpg\" data-width=\"1374\" data-height=\"916\" aria-label=\"\" role=\"img\" ><\/div>\n\t\t\t\t\t\t\t\t\t\t\t\t\t\t<\/a>\n\t\t\t\t\t\t\t<a class=\"e-gallery-item elementor-gallery-item elementor-animated-content\" href=\"https:\/\/llebeigxabia.org\/wp-content\/uploads\/2025\/04\/FNL_9099.jpg\" data-elementor-open-lightbox=\"yes\" data-elementor-lightbox-slideshow=\"35780939\" data-elementor-lightbox-title=\"FNL_9099\" data-e-action-hash=\"#elementor-action%3Aaction%3Dlightbox%26settings%3DeyJpZCI6MjUzLCJ1cmwiOiJodHRwczpcL1wvbGxlYmVpZ3hhYmlhLm9yZ1wvd3AtY29udGVudFwvdXBsb2Fkc1wvMjAyNVwvMDRcL0ZOTF85MDk5LmpwZyIsInNsaWRlc2hvdyI6IjM1NzgwOTM5In0%3D\">\n\t\t\t\t\t<div class=\"e-gallery-image elementor-gallery-item__image\" data-thumbnail=\"https:\/\/llebeigxabia.org\/wp-content\/uploads\/2025\/04\/FNL_9099.jpg\" data-width=\"1374\" data-height=\"916\" aria-label=\"\" role=\"img\" ><\/div>\n\t\t\t\t\t\t\t\t\t\t\t\t\t\t<\/a>\n\t\t\t\t\t\t\t<a class=\"e-gallery-item elementor-gallery-item elementor-animated-content\" href=\"https:\/\/llebeigxabia.org\/wp-content\/uploads\/2025\/04\/FNL_9112.jpg\" data-elementor-open-lightbox=\"yes\" data-elementor-lightbox-slideshow=\"35780939\" data-elementor-lightbox-title=\"FNL_9112\" data-e-action-hash=\"#elementor-action%3Aaction%3Dlightbox%26settings%3DeyJpZCI6MjU0LCJ1cmwiOiJodHRwczpcL1wvbGxlYmVpZ3hhYmlhLm9yZ1wvd3AtY29udGVudFwvdXBsb2Fkc1wvMjAyNVwvMDRcL0ZOTF85MTEyLmpwZyIsInNsaWRlc2hvdyI6IjM1NzgwOTM5In0%3D\">\n\t\t\t\t\t<div class=\"e-gallery-image elementor-gallery-item__image\" data-thumbnail=\"https:\/\/llebeigxabia.org\/wp-content\/uploads\/2025\/04\/FNL_9112.jpg\" data-width=\"1374\" data-height=\"917\" aria-label=\"\" role=\"img\" ><\/div>\n\t\t\t\t\t\t\t\t\t\t\t\t\t\t<\/a>\n\t\t\t\t\t\t\t<a class=\"e-gallery-item elementor-gallery-item elementor-animated-content\" href=\"https:\/\/llebeigxabia.org\/wp-content\/uploads\/2025\/04\/IMG_9007.jpg\" data-elementor-open-lightbox=\"yes\" data-elementor-lightbox-slideshow=\"35780939\" data-elementor-lightbox-title=\"IMG_9007\" data-e-action-hash=\"#elementor-action%3Aaction%3Dlightbox%26settings%3DeyJpZCI6MjU1LCJ1cmwiOiJodHRwczpcL1wvbGxlYmVpZ3hhYmlhLm9yZ1wvd3AtY29udGVudFwvdXBsb2Fkc1wvMjAyNVwvMDRcL0lNR185MDA3LmpwZyIsInNsaWRlc2hvdyI6IjM1NzgwOTM5In0%3D\">\n\t\t\t\t\t<div class=\"e-gallery-image elementor-gallery-item__image\" data-thumbnail=\"https:\/\/llebeigxabia.org\/wp-content\/uploads\/2025\/04\/IMG_9007.jpg\" data-width=\"768\" data-height=\"1024\" aria-label=\"\" role=\"img\" ><\/div>\n\t\t\t\t\t\t\t\t\t\t\t\t\t\t<\/a>\n\t\t\t\t\t<\/div>\n\t\t\t\t\t<\/div>\n\t\t\t\t<\/div>\n\t\t\t\t\t<\/div>\n\t\t<\/div>\n\t\t\t\t\t<\/div>\n\t\t<\/section>\n\t\t\t\t<\/div>","protected":false},"excerpt":{"rendered":"<p>Cross popular Cross Baix Montg\u00f3: Una carrera entre X\u00e0bia y Jes\u00fas Pobre con alma monta\u00f1era El Club de Atletismo Llebeig X\u00e0bia, en colaboraci\u00f3n con el Club de Atletismo La Faixa de Jes\u00fas Pobre, organiza cada a\u00f1o el Cross Baix Montg\u00f3, una de las pruebas m\u00e1s emblem\u00e1ticas y veteranas de la comarca de la Marina Alta. [&hellip;]<\/p>","protected":false},"author":1,"featured_media":0,"parent":75,"menu_order":0,"comment_status":"closed","ping_status":"closed","template":"","meta":{"footnotes":""},"class_list":["post-77","page","type-page","status-publish","hentry"],"_links":{"self":[{"href":"https:\/\/llebeigxabia.org\/ca\/wp-json\/wp\/v2\/pages\/77","targetHints":{"allow":["GET"]}}],"collection":[{"href":"https:\/\/llebeigxabia.org\/ca\/wp-json\/wp\/v2\/pages"}],"about":[{"href":"https:\/\/llebeigxabia.org\/ca\/wp-json\/wp\/v2\/types\/page"}],"author":[{"embeddable":true,"href":"https:\/\/llebeigxabia.org\/ca\/wp-json\/wp\/v2\/users\/1"}],"replies":[{"embeddable":true,"href":"https:\/\/llebeigxabia.org\/ca\/wp-json\/wp\/v2\/comments?post=77"}],"version-history":[{"count":16,"href":"https:\/\/llebeigxabia.org\/ca\/wp-json\/wp\/v2\/pages\/77\/revisions"}],"predecessor-version":[{"id":662,"href":"https:\/\/llebeigxabia.org\/ca\/wp-json\/wp\/v2\/pages\/77\/revisions\/662"}],"up":[{"embeddable":true,"href":"https:\/\/llebeigxabia.org\/ca\/wp-json\/wp\/v2\/pages\/75"}],"wp:attachment":[{"href":"https:\/\/llebeigxabia.org\/ca\/wp-json\/wp\/v2\/media?parent=77"}],"curies":[{"name":"wp","href":"https:\/\/api.w.org\/{rel}","templated":true}]}}