{"id":85,"date":"2025-03-25T13:59:48","date_gmt":"2025-03-25T13:59:48","guid":{"rendered":"https:\/\/llebeig.pruebashadbos.com\/?page_id=85"},"modified":"2026-02-12T18:17:46","modified_gmt":"2026-02-12T17:17:46","slug":"volta-a-peu-xabia","status":"publish","type":"page","link":"https:\/\/llebeigxabia.org\/ca\/events\/volta-a-peu-xabia\/","title":{"rendered":"Volta a Peu X\u00e0bia"},"content":{"rendered":"<div data-elementor-type=\"wp-page\" data-elementor-id=\"85\" class=\"elementor elementor-85\" data-elementor-post-type=\"page\">\n\t\t\t\t<div class=\"elementor-element elementor-element-62fefdd e-flex e-con-boxed e-con e-parent\" data-id=\"62fefdd\" data-element_type=\"container\" data-e-type=\"container\" data-settings=\"{&quot;background_background&quot;:&quot;gradient&quot;}\">\n\t\t\t\t\t<div class=\"e-con-inner\">\n\t\t<div class=\"elementor-element elementor-element-760d8ad e-con-full e-flex e-con e-child\" data-id=\"760d8ad\" data-element_type=\"container\" data-e-type=\"container\">\n\t\t<div class=\"elementor-element elementor-element-58e02fb e-con-full e-flex e-con e-child\" data-id=\"58e02fb\" data-element_type=\"container\" data-e-type=\"container\">\n\t\t<div class=\"elementor-element elementor-element-a965d9e e-con-full e-flex e-con e-child\" data-id=\"a965d9e\" data-element_type=\"container\" data-e-type=\"container\">\n\t\t\t\t<div class=\"elementor-element elementor-element-17ba6bb elementor-tablet-align-center elementor-align-center elementor-invisible elementor-widget elementor-widget-button\" data-id=\"17ba6bb\" data-element_type=\"widget\" data-e-type=\"widget\" data-settings=\"{&quot;_animation&quot;:&quot;bounceIn&quot;,&quot;_animation_delay&quot;:350}\" data-widget_type=\"button.default\">\n\t\t\t\t<div class=\"elementor-widget-container\">\n\t\t\t\t\t\t\t\t\t<div class=\"elementor-button-wrapper\">\n\t\t\t\t\t<a class=\"elementor-button elementor-button-link elementor-size-lg\" href=\"https:\/\/www.somesport.com\/volta-a-peu-xabia\/\">\n\t\t\t\t\t\t<span class=\"elementor-button-content-wrapper\">\n\t\t\t\t\t\t\t\t\t<span class=\"elementor-button-text\">INSCRIU-TE A LA XXXVII VOLTA A PEU X\u00c0BIA<\/span>\n\t\t\t\t\t<\/span>\n\t\t\t\t\t<\/a>\n\t\t\t\t<\/div>\n\t\t\t\t\t\t\t\t<\/div>\n\t\t\t\t<\/div>\n\t\t\t\t<div class=\"elementor-element elementor-element-a683fc0 elementor-invisible elementor-widget elementor-widget-heading\" data-id=\"a683fc0\" data-element_type=\"widget\" data-e-type=\"widget\" data-settings=\"{&quot;_animation&quot;:&quot;fadeInUp&quot;}\" data-widget_type=\"heading.default\">\n\t\t\t\t<div class=\"elementor-widget-container\">\n\t\t\t\t\t<h1 class=\"elementor-heading-title elementor-size-default\">Volta a Peu X\u00e0bia<\/h1>\t\t\t\t<\/div>\n\t\t\t\t<\/div>\n\t\t\t\t<div class=\"elementor-element elementor-element-2e314a4 elementor-invisible elementor-widget elementor-widget-heading\" data-id=\"2e314a4\" data-element_type=\"widget\" data-e-type=\"widget\" data-settings=\"{&quot;_animation&quot;:&quot;fadeInDown&quot;}\" data-widget_type=\"heading.default\">\n\t\t\t\t<div class=\"elementor-widget-container\">\n\t\t\t\t\t<h4 class=\"elementor-heading-title elementor-size-default\">Cursa popular X\u00e0bia<\/h4>\t\t\t\t<\/div>\n\t\t\t\t<\/div>\n\t\t\t\t<\/div>\n\t\t\t\t<\/div>\n\t\t\t\t<\/div>\n\t\t\t\t\t<\/div>\n\t\t\t\t<\/div>\n\t\t\t\t<section class=\"elementor-section elementor-top-section elementor-element elementor-element-06e0427 elementor-section-content-middle elementor-section-boxed elementor-section-height-default elementor-section-height-default\" data-id=\"06e0427\" data-element_type=\"section\" data-e-type=\"section\" data-settings=\"{&quot;background_background&quot;:&quot;classic&quot;}\">\n\t\t\t\t\t\t<div class=\"elementor-container elementor-column-gap-default\">\n\t\t\t\t\t<div class=\"elementor-column elementor-col-50 elementor-top-column elementor-element elementor-element-503e7d5 elementor-invisible\" data-id=\"503e7d5\" data-element_type=\"column\" data-e-type=\"column\" data-settings=\"{&quot;animation&quot;:&quot;fadeInLeft&quot;}\">\n\t\t\t<div class=\"elementor-widget-wrap elementor-element-populated\">\n\t\t\t\t\t\t<div class=\"elementor-element elementor-element-c232c9c elementor-widget elementor-widget-heading\" data-id=\"c232c9c\" data-element_type=\"widget\" data-e-type=\"widget\" data-widget_type=\"heading.default\">\n\t\t\t\t<div class=\"elementor-widget-container\">\n\t\t\t\t\t<h2 class=\"elementor-heading-title elementor-size-default\">Volta a Peu X\u00e0bia - Memorial Jos\u00e9 Albi: 10K al costat de la mar que no et pots perdre<\/h2>\t\t\t\t<\/div>\n\t\t\t\t<\/div>\n\t\t\t\t<div class=\"elementor-element elementor-element-3ff53da elementor-widget elementor-widget-text-editor\" data-id=\"3ff53da\" data-element_type=\"widget\" data-e-type=\"widget\" data-widget_type=\"text-editor.default\">\n\t\t\t\t<div class=\"elementor-widget-container\">\n\t\t\t\t\t\t\t\t\t<p class=\"\" data-start=\"217\" data-end=\"549\">Any rere any, el <strong data-start=\"234\" data-end=\"269\">Club Esportiu Llebeig X\u00e0bia<\/strong> organiza la <strong data-start=\"282\" data-end=\"324\">Volta a Peu X\u00e0bia \u2013 Memorial Jos\u00e9 Albi<\/strong>, una de les proves m\u00e9s esperades del calendari esportiu en la <strong data-start=\"390\" data-end=\"405\">Marina Alta<\/strong>. Un <strong data-start=\"410\" data-end=\"438\">repte de 10 kil\u00f3metres<\/strong> que discorre al llarg de la <strong data-start=\"469\" data-end=\"496\">l\u00ednea de costa de X\u00e0bia<\/strong>, combinant velocitat, emoci\u00f3 i paisatges de postal.<\/p><p class=\"\" data-start=\"551\" data-end=\"715\">Vine a X\u00e0bia i <strong data-start=\"565\" data-end=\"611\">retroba't amb la teua refer\u00e8ncia de carrera<\/strong>: aqueixa marca que un dia va ser rival i hui \u00e9s companya d'entrenaments, de reptes i d'assoliments compartits.<\/p><p class=\"\" data-start=\"717\" data-end=\"913\">Encara no la coneixes? T'ho posem f\u00e0cil: <strong data-start=\"758\" data-end=\"835\">recorregut r\u00e0pid, quasi pla i envoltat d'un entorn natural que enganxa<\/strong> des del primer quil\u00f2metre. Ac\u00ed, el Mediterrani t'acompanya en cada camallada.<\/p><p class=\"\" data-start=\"915\" data-end=\"1007\">\ud83d\udc5f <strong data-start=\"918\" data-end=\"1007\">Corre amb nosaltres a X\u00e0bia i forma part d'aquesta gran festa de l'atletisme popular!<\/strong><\/p><p class=\"\" data-start=\"1009\" data-end=\"1103\"><strong data-start=\"1012\" data-end=\"1103\">Segueix-nos en <a href=\"https:\/\/www.facebook.com\/CELLEBEIGXABIA\" target=\"_blank\" rel=\"noopener\">Facebook<\/a> o en <a href=\"https:\/\/www.instagram.com\/llebeigxabia\/\" target=\"_blank\" rel=\"noopener\">Instagram<\/a> per a estar al dia de totes les novetats.<\/strong><\/p>\t\t\t\t\t\t\t\t<\/div>\n\t\t\t\t<\/div>\n\t\t\t\t\t<\/div>\n\t\t<\/div>\n\t\t\t\t<div class=\"elementor-column elementor-col-50 elementor-top-column elementor-element elementor-element-2dbbbf8 elementor-invisible\" data-id=\"2dbbbf8\" data-element_type=\"column\" data-e-type=\"column\" data-settings=\"{&quot;animation&quot;:&quot;fadeInRight&quot;}\">\n\t\t\t<div class=\"elementor-widget-wrap elementor-element-populated\">\n\t\t\t\t\t\t<div class=\"elementor-element elementor-element-dbf2d07 elementor-widget elementor-widget-image\" data-id=\"dbf2d07\" data-element_type=\"widget\" data-e-type=\"widget\" data-widget_type=\"image.default\">\n\t\t\t\t<div class=\"elementor-widget-container\">\n\t\t\t\t\t\t\t\t\t\t\t\t\t\t\t\t<a href=\"https:\/\/www.somesport.com\/volta-a-peu-xabia\/\">\n\t\t\t\t\t\t\t<img fetchpriority=\"high\" decoding=\"async\" width=\"1500\" height=\"2120\" src=\"https:\/\/llebeigxabia.org\/wp-content\/uploads\/2025\/08\/XABIA-volta-a-peu-2026-01-VERTICAL_d.jpg\" class=\"attachment-full size-full wp-image-787\" alt=\"\" srcset=\"https:\/\/llebeigxabia.org\/wp-content\/uploads\/2025\/08\/XABIA-volta-a-peu-2026-01-VERTICAL_d.jpg 1500w, https:\/\/llebeigxabia.org\/wp-content\/uploads\/2025\/08\/XABIA-volta-a-peu-2026-01-VERTICAL_d-212x300.jpg 212w, https:\/\/llebeigxabia.org\/wp-content\/uploads\/2025\/08\/XABIA-volta-a-peu-2026-01-VERTICAL_d-725x1024.jpg 725w, https:\/\/llebeigxabia.org\/wp-content\/uploads\/2025\/08\/XABIA-volta-a-peu-2026-01-VERTICAL_d-768x1085.jpg 768w, https:\/\/llebeigxabia.org\/wp-content\/uploads\/2025\/08\/XABIA-volta-a-peu-2026-01-VERTICAL_d-1087x1536.jpg 1087w, https:\/\/llebeigxabia.org\/wp-content\/uploads\/2025\/08\/XABIA-volta-a-peu-2026-01-VERTICAL_d-1449x2048.jpg 1449w, https:\/\/llebeigxabia.org\/wp-content\/uploads\/2025\/08\/XABIA-volta-a-peu-2026-01-VERTICAL_d-8x12.jpg 8w\" sizes=\"(max-width: 1500px) 100vw, 1500px\" \/>\t\t\t\t\t\t\t\t<\/a>\n\t\t\t\t\t\t\t\t\t\t\t\t\t\t\t<\/div>\n\t\t\t\t<\/div>\n\t\t\t\t\t<\/div>\n\t\t<\/div>\n\t\t\t\t\t<\/div>\n\t\t<\/section>\n\t\t\t\t<section class=\"elementor-section elementor-top-section elementor-element elementor-element-4c7415f elementor-section-boxed elementor-section-height-default elementor-section-height-default\" data-id=\"4c7415f\" data-element_type=\"section\" data-e-type=\"section\">\n\t\t\t\t\t\t<div class=\"elementor-container elementor-column-gap-default\">\n\t\t\t\t\t<div class=\"elementor-column elementor-col-100 elementor-top-column elementor-element elementor-element-e3c7754\" data-id=\"e3c7754\" data-element_type=\"column\" data-e-type=\"column\">\n\t\t\t<div class=\"elementor-widget-wrap elementor-element-populated\">\n\t\t\t\t\t\t<div class=\"elementor-element elementor-element-61707e8 elementor-invisible elementor-widget elementor-widget-gallery\" data-id=\"61707e8\" data-element_type=\"widget\" data-e-type=\"widget\" data-settings=\"{&quot;columns_tablet&quot;:3,&quot;columns_mobile&quot;:2,&quot;gap&quot;:{&quot;unit&quot;:&quot;px&quot;,&quot;size&quot;:28,&quot;sizes&quot;:[]},&quot;gap_tablet&quot;:{&quot;unit&quot;:&quot;px&quot;,&quot;size&quot;:21,&quot;sizes&quot;:[]},&quot;gap_mobile&quot;:{&quot;unit&quot;:&quot;px&quot;,&quot;size&quot;:14,&quot;sizes&quot;:[]},&quot;aspect_ratio&quot;:&quot;1:1&quot;,&quot;content_sequenced_animation&quot;:&quot;yes&quot;,&quot;_animation&quot;:&quot;fadeIn&quot;,&quot;_animation_delay&quot;:200,&quot;lazyload&quot;:&quot;yes&quot;,&quot;gallery_layout&quot;:&quot;grid&quot;,&quot;columns&quot;:4,&quot;link_to&quot;:&quot;file&quot;,&quot;content_hover_animation&quot;:&quot;fade-in&quot;}\" data-widget_type=\"gallery.default\">\n\t\t\t\t<div class=\"elementor-widget-container\">\n\t\t\t\t\t\t\t<div class=\"elementor-gallery__container\">\n\t\t\t\t\t\t\t<a class=\"e-gallery-item elementor-gallery-item elementor-animated-content\" href=\"https:\/\/llebeigxabia.org\/wp-content\/uploads\/2025\/04\/7604_volta-a-peu-xabia.jpg\" data-elementor-open-lightbox=\"yes\" data-elementor-lightbox-slideshow=\"61707e8\" data-elementor-lightbox-title=\"7604_volta-a-peu-xabia\" data-e-action-hash=\"#elementor-action%3Aaction%3Dlightbox%26settings%3DeyJpZCI6Mjk4LCJ1cmwiOiJodHRwczpcL1wvbGxlYmVpZ3hhYmlhLm9yZ1wvd3AtY29udGVudFwvdXBsb2Fkc1wvMjAyNVwvMDRcLzc2MDRfdm9sdGEtYS1wZXUteGFiaWEuanBnIiwic2xpZGVzaG93IjoiNjE3MDdlOCJ9\">\n\t\t\t\t\t<div class=\"e-gallery-image elementor-gallery-item__image\" data-thumbnail=\"https:\/\/llebeigxabia.org\/wp-content\/uploads\/2025\/04\/7604_volta-a-peu-xabia.jpg\" data-width=\"980\" data-height=\"653\" aria-label=\"\" role=\"img\" ><\/div>\n\t\t\t\t\t\t\t\t\t\t\t\t\t\t<\/a>\n\t\t\t\t\t\t\t<a class=\"e-gallery-item elementor-gallery-item elementor-animated-content\" href=\"https:\/\/llebeigxabia.org\/wp-content\/uploads\/2025\/04\/480515166_9535090346612511_6840524973319296438_n.jpg\" data-elementor-open-lightbox=\"yes\" data-elementor-lightbox-slideshow=\"61707e8\" data-elementor-lightbox-title=\"480515166_9535090346612511_6840524973319296438_n\" data-e-action-hash=\"#elementor-action%3Aaction%3Dlightbox%26settings%3DeyJpZCI6Mjk5LCJ1cmwiOiJodHRwczpcL1wvbGxlYmVpZ3hhYmlhLm9yZ1wvd3AtY29udGVudFwvdXBsb2Fkc1wvMjAyNVwvMDRcLzQ4MDUxNTE2Nl85NTM1MDkwMzQ2NjEyNTExXzY4NDA1MjQ5NzMzMTkyOTY0Mzhfbi5qcGciLCJzbGlkZXNob3ciOiI2MTcwN2U4In0%3D\">\n\t\t\t\t\t<div class=\"e-gallery-image elementor-gallery-item__image\" data-thumbnail=\"https:\/\/llebeigxabia.org\/wp-content\/uploads\/2025\/04\/480515166_9535090346612511_6840524973319296438_n.jpg\" data-width=\"2048\" data-height=\"1528\" aria-label=\"\" role=\"img\" ><\/div>\n\t\t\t\t\t\t\t\t\t\t\t\t\t\t<\/a>\n\t\t\t\t\t\t\t<a class=\"e-gallery-item elementor-gallery-item elementor-animated-content\" href=\"https:\/\/llebeigxabia.org\/wp-content\/uploads\/2025\/04\/481277995_9529372793850933_4715121919557853871_n.jpg\" data-elementor-open-lightbox=\"yes\" data-elementor-lightbox-slideshow=\"61707e8\" data-elementor-lightbox-title=\"481277995_9529372793850933_4715121919557853871_n\" data-e-action-hash=\"#elementor-action%3Aaction%3Dlightbox%26settings%3DeyJpZCI6MzAwLCJ1cmwiOiJodHRwczpcL1wvbGxlYmVpZ3hhYmlhLm9yZ1wvd3AtY29udGVudFwvdXBsb2Fkc1wvMjAyNVwvMDRcLzQ4MTI3Nzk5NV85NTI5MzcyNzkzODUwOTMzXzQ3MTUxMjE5MTk1NTc4NTM4NzFfbi5qcGciLCJzbGlkZXNob3ciOiI2MTcwN2U4In0%3D\">\n\t\t\t\t\t<div class=\"e-gallery-image elementor-gallery-item__image\" data-thumbnail=\"https:\/\/llebeigxabia.org\/wp-content\/uploads\/2025\/04\/481277995_9529372793850933_4715121919557853871_n.jpg\" data-width=\"2048\" data-height=\"1507\" aria-label=\"\" role=\"img\" ><\/div>\n\t\t\t\t\t\t\t\t\t\t\t\t\t\t<\/a>\n\t\t\t\t\t\t\t<a class=\"e-gallery-item elementor-gallery-item elementor-animated-content\" href=\"https:\/\/llebeigxabia.org\/wp-content\/uploads\/2025\/04\/DSC_0035-1.jpg\" data-elementor-open-lightbox=\"yes\" data-elementor-lightbox-slideshow=\"61707e8\" data-elementor-lightbox-title=\"DSC_0035-1\" data-e-action-hash=\"#elementor-action%3Aaction%3Dlightbox%26settings%3DeyJpZCI6MzAxLCJ1cmwiOiJodHRwczpcL1wvbGxlYmVpZ3hhYmlhLm9yZ1wvd3AtY29udGVudFwvdXBsb2Fkc1wvMjAyNVwvMDRcL0RTQ18wMDM1LTEuanBnIiwic2xpZGVzaG93IjoiNjE3MDdlOCJ9\">\n\t\t\t\t\t<div class=\"e-gallery-image elementor-gallery-item__image\" data-thumbnail=\"https:\/\/llebeigxabia.org\/wp-content\/uploads\/2025\/04\/DSC_0035-1.jpg\" data-width=\"2000\" data-height=\"1333\" aria-label=\"\" role=\"img\" ><\/div>\n\t\t\t\t\t\t\t\t\t\t\t\t\t\t<\/a>\n\t\t\t\t\t\t\t<a class=\"e-gallery-item elementor-gallery-item elementor-animated-content\" href=\"https:\/\/llebeigxabia.org\/wp-content\/uploads\/2025\/04\/hq720.jpg\" data-elementor-open-lightbox=\"yes\" data-elementor-lightbox-slideshow=\"61707e8\" data-elementor-lightbox-title=\"hq720\" data-e-action-hash=\"#elementor-action%3Aaction%3Dlightbox%26settings%3DeyJpZCI6MzAyLCJ1cmwiOiJodHRwczpcL1wvbGxlYmVpZ3hhYmlhLm9yZ1wvd3AtY29udGVudFwvdXBsb2Fkc1wvMjAyNVwvMDRcL2hxNzIwLmpwZyIsInNsaWRlc2hvdyI6IjYxNzA3ZTgifQ%3D%3D\">\n\t\t\t\t\t<div class=\"e-gallery-image elementor-gallery-item__image\" data-thumbnail=\"https:\/\/llebeigxabia.org\/wp-content\/uploads\/2025\/04\/hq720.jpg\" data-width=\"686\" data-height=\"386\" aria-label=\"\" role=\"img\" ><\/div>\n\t\t\t\t\t\t\t\t\t\t\t\t\t\t<\/a>\n\t\t\t\t\t\t\t<a class=\"e-gallery-item elementor-gallery-item elementor-animated-content\" href=\"https:\/\/llebeigxabia.org\/wp-content\/uploads\/2025\/04\/images.jpeg\" data-elementor-open-lightbox=\"yes\" data-elementor-lightbox-slideshow=\"61707e8\" data-elementor-lightbox-title=\"images\" data-e-action-hash=\"#elementor-action%3Aaction%3Dlightbox%26settings%3DeyJpZCI6MzAzLCJ1cmwiOiJodHRwczpcL1wvbGxlYmVpZ3hhYmlhLm9yZ1wvd3AtY29udGVudFwvdXBsb2Fkc1wvMjAyNVwvMDRcL2ltYWdlcy5qcGVnIiwic2xpZGVzaG93IjoiNjE3MDdlOCJ9\">\n\t\t\t\t\t<div class=\"e-gallery-image elementor-gallery-item__image\" data-thumbnail=\"https:\/\/llebeigxabia.org\/wp-content\/uploads\/2025\/04\/images.jpeg\" data-width=\"259\" data-height=\"194\" aria-label=\"\" role=\"img\" ><\/div>\n\t\t\t\t\t\t\t\t\t\t\t\t\t\t<\/a>\n\t\t\t\t\t\t\t<a class=\"e-gallery-item elementor-gallery-item elementor-animated-content\" href=\"https:\/\/llebeigxabia.org\/wp-content\/uploads\/2025\/04\/IMG_0008.jpg\" data-elementor-open-lightbox=\"yes\" data-elementor-lightbox-slideshow=\"61707e8\" data-elementor-lightbox-title=\"IMG_0008\" data-e-action-hash=\"#elementor-action%3Aaction%3Dlightbox%26settings%3DeyJpZCI6MzA0LCJ1cmwiOiJodHRwczpcL1wvbGxlYmVpZ3hhYmlhLm9yZ1wvd3AtY29udGVudFwvdXBsb2Fkc1wvMjAyNVwvMDRcL0lNR18wMDA4LmpwZyIsInNsaWRlc2hvdyI6IjYxNzA3ZTgifQ%3D%3D\">\n\t\t\t\t\t<div class=\"e-gallery-image elementor-gallery-item__image\" data-thumbnail=\"https:\/\/llebeigxabia.org\/wp-content\/uploads\/2025\/04\/IMG_0008.jpg\" data-width=\"1000\" data-height=\"667\" aria-label=\"\" role=\"img\" ><\/div>\n\t\t\t\t\t\t\t\t\t\t\t\t\t\t<\/a>\n\t\t\t\t\t\t\t<a class=\"e-gallery-item elementor-gallery-item elementor-animated-content\" href=\"https:\/\/llebeigxabia.org\/wp-content\/uploads\/2025\/04\/IMG_0087.jpg\" data-elementor-open-lightbox=\"yes\" data-elementor-lightbox-slideshow=\"61707e8\" data-elementor-lightbox-title=\"IMG_0087\" data-e-action-hash=\"#elementor-action%3Aaction%3Dlightbox%26settings%3DeyJpZCI6MzA1LCJ1cmwiOiJodHRwczpcL1wvbGxlYmVpZ3hhYmlhLm9yZ1wvd3AtY29udGVudFwvdXBsb2Fkc1wvMjAyNVwvMDRcL0lNR18wMDg3LmpwZyIsInNsaWRlc2hvdyI6IjYxNzA3ZTgifQ%3D%3D\">\n\t\t\t\t\t<div class=\"e-gallery-image elementor-gallery-item__image\" data-thumbnail=\"https:\/\/llebeigxabia.org\/wp-content\/uploads\/2025\/04\/IMG_0087.jpg\" data-width=\"1000\" data-height=\"667\" aria-label=\"\" role=\"img\" ><\/div>\n\t\t\t\t\t\t\t\t\t\t\t\t\t\t<\/a>\n\t\t\t\t\t\t\t<a class=\"e-gallery-item elementor-gallery-item elementor-animated-content\" href=\"https:\/\/llebeigxabia.org\/wp-content\/uploads\/2025\/04\/Volta-a-peu-Xabia-24.png\" data-elementor-open-lightbox=\"yes\" data-elementor-lightbox-slideshow=\"61707e8\" data-elementor-lightbox-title=\"Volta-a-peu-Xabia-24\" data-e-action-hash=\"#elementor-action%3Aaction%3Dlightbox%26settings%3DeyJpZCI6MzA2LCJ1cmwiOiJodHRwczpcL1wvbGxlYmVpZ3hhYmlhLm9yZ1wvd3AtY29udGVudFwvdXBsb2Fkc1wvMjAyNVwvMDRcL1ZvbHRhLWEtcGV1LVhhYmlhLTI0LnBuZyIsInNsaWRlc2hvdyI6IjYxNzA3ZTgifQ%3D%3D\">\n\t\t\t\t\t<div class=\"e-gallery-image elementor-gallery-item__image\" data-thumbnail=\"https:\/\/llebeigxabia.org\/wp-content\/uploads\/2025\/04\/Volta-a-peu-Xabia-24.png\" data-width=\"440\" data-height=\"342\" aria-label=\"\" role=\"img\" ><\/div>\n\t\t\t\t\t\t\t\t\t\t\t\t\t\t<\/a>\n\t\t\t\t\t\t\t<a class=\"e-gallery-item elementor-gallery-item elementor-animated-content\" href=\"https:\/\/llebeigxabia.org\/wp-content\/uploads\/2025\/04\/volta-a-peu-xabia-2024-34-634x423-1.jpg\" data-elementor-open-lightbox=\"yes\" data-elementor-lightbox-slideshow=\"61707e8\" data-elementor-lightbox-title=\"volta-a-peu-xabia-2024-34-634x423\" data-e-action-hash=\"#elementor-action%3Aaction%3Dlightbox%26settings%3DeyJpZCI6MzA3LCJ1cmwiOiJodHRwczpcL1wvbGxlYmVpZ3hhYmlhLm9yZ1wvd3AtY29udGVudFwvdXBsb2Fkc1wvMjAyNVwvMDRcL3ZvbHRhLWEtcGV1LXhhYmlhLTIwMjQtMzQtNjM0eDQyMy0xLmpwZyIsInNsaWRlc2hvdyI6IjYxNzA3ZTgifQ%3D%3D\">\n\t\t\t\t\t<div class=\"e-gallery-image elementor-gallery-item__image\" data-thumbnail=\"https:\/\/llebeigxabia.org\/wp-content\/uploads\/2025\/04\/volta-a-peu-xabia-2024-34-634x423-1.jpg\" data-width=\"634\" data-height=\"423\" aria-label=\"\" role=\"img\" ><\/div>\n\t\t\t\t\t\t\t\t\t\t\t\t\t\t<\/a>\n\t\t\t\t\t\t\t<a class=\"e-gallery-item elementor-gallery-item elementor-animated-content\" href=\"https:\/\/llebeigxabia.org\/wp-content\/uploads\/2025\/04\/volta-a-peu-xabia-2024-42-scaled-1.jpg\" data-elementor-open-lightbox=\"yes\" data-elementor-lightbox-slideshow=\"61707e8\" data-elementor-lightbox-title=\"volta-a-peu-xabia-2024-42-scaled\" data-e-action-hash=\"#elementor-action%3Aaction%3Dlightbox%26settings%3DeyJpZCI6MzA4LCJ1cmwiOiJodHRwczpcL1wvbGxlYmVpZ3hhYmlhLm9yZ1wvd3AtY29udGVudFwvdXBsb2Fkc1wvMjAyNVwvMDRcL3ZvbHRhLWEtcGV1LXhhYmlhLTIwMjQtNDItc2NhbGVkLTEuanBnIiwic2xpZGVzaG93IjoiNjE3MDdlOCJ9\">\n\t\t\t\t\t<div class=\"e-gallery-image elementor-gallery-item__image\" data-thumbnail=\"https:\/\/llebeigxabia.org\/wp-content\/uploads\/2025\/04\/volta-a-peu-xabia-2024-42-scaled-1.jpg\" data-width=\"2560\" data-height=\"1707\" aria-label=\"\" role=\"img\" ><\/div>\n\t\t\t\t\t\t\t\t\t\t\t\t\t\t<\/a>\n\t\t\t\t\t\t\t<a class=\"e-gallery-item elementor-gallery-item elementor-animated-content\" href=\"https:\/\/llebeigxabia.org\/wp-content\/uploads\/2025\/04\/volta-a-peu-xabia-2024-75-scaled-1.jpg\" data-elementor-open-lightbox=\"yes\" data-elementor-lightbox-slideshow=\"61707e8\" data-elementor-lightbox-title=\"volta-a-peu-xabia-2024-75-scaled\" data-e-action-hash=\"#elementor-action%3Aaction%3Dlightbox%26settings%3DeyJpZCI6MzA5LCJ1cmwiOiJodHRwczpcL1wvbGxlYmVpZ3hhYmlhLm9yZ1wvd3AtY29udGVudFwvdXBsb2Fkc1wvMjAyNVwvMDRcL3ZvbHRhLWEtcGV1LXhhYmlhLTIwMjQtNzUtc2NhbGVkLTEuanBnIiwic2xpZGVzaG93IjoiNjE3MDdlOCJ9\">\n\t\t\t\t\t<div class=\"e-gallery-image elementor-gallery-item__image\" data-thumbnail=\"https:\/\/llebeigxabia.org\/wp-content\/uploads\/2025\/04\/volta-a-peu-xabia-2024-75-scaled-1.jpg\" data-width=\"2560\" data-height=\"1707\" aria-label=\"\" role=\"img\" ><\/div>\n\t\t\t\t\t\t\t\t\t\t\t\t\t\t<\/a>\n\t\t\t\t\t<\/div>\n\t\t\t\t\t<\/div>\n\t\t\t\t<\/div>\n\t\t\t\t\t<\/div>\n\t\t<\/div>\n\t\t\t\t\t<\/div>\n\t\t<\/section>\n\t\t\t\t<\/div>","protected":false},"excerpt":{"rendered":"<p>INSCR\u00cdBETE A LA XXXVII VOLTA A PEU X\u00c0BIA Cursa popular X\u00e0bia Volta a Peu X\u00e0bia \u2013 Memorial Jos\u00e9 Albi: 10K junto al mar que no te puedes perder A\u00f1o tras a\u00f1o, el Club de Atletismo Llebeig X\u00e0bia organiza la Volta a Peu X\u00e0bia \u2013 Memorial Jos\u00e9 Albi, una de las pruebas m\u00e1s esperadas del calendario [&hellip;]<\/p>","protected":false},"author":1,"featured_media":0,"parent":75,"menu_order":0,"comment_status":"closed","ping_status":"closed","template":"","meta":{"footnotes":""},"class_list":["post-85","page","type-page","status-publish","hentry"],"_links":{"self":[{"href":"https:\/\/llebeigxabia.org\/ca\/wp-json\/wp\/v2\/pages\/85","targetHints":{"allow":["GET"]}}],"collection":[{"href":"https:\/\/llebeigxabia.org\/ca\/wp-json\/wp\/v2\/pages"}],"about":[{"href":"https:\/\/llebeigxabia.org\/ca\/wp-json\/wp\/v2\/types\/page"}],"author":[{"embeddable":true,"href":"https:\/\/llebeigxabia.org\/ca\/wp-json\/wp\/v2\/users\/1"}],"replies":[{"embeddable":true,"href":"https:\/\/llebeigxabia.org\/ca\/wp-json\/wp\/v2\/comments?post=85"}],"version-history":[{"count":22,"href":"https:\/\/llebeigxabia.org\/ca\/wp-json\/wp\/v2\/pages\/85\/revisions"}],"predecessor-version":[{"id":792,"href":"https:\/\/llebeigxabia.org\/ca\/wp-json\/wp\/v2\/pages\/85\/revisions\/792"}],"up":[{"embeddable":true,"href":"https:\/\/llebeigxabia.org\/ca\/wp-json\/wp\/v2\/pages\/75"}],"wp:attachment":[{"href":"https:\/\/llebeigxabia.org\/ca\/wp-json\/wp\/v2\/media?parent=85"}],"curies":[{"name":"wp","href":"https:\/\/api.w.org\/{rel}","templated":true}]}}